{"id":4853,"date":"2024-04-23T13:56:42","date_gmt":"2024-04-23T11:56:42","guid":{"rendered":"http:\/\/nowa.ghg.opole.pl\/?page_id=4853"},"modified":"2024-04-23T13:57:38","modified_gmt":"2024-04-23T11:57:38","slug":"resurs","status":"publish","type":"page","link":"https:\/\/ghg.opole.pl\/index.php\/oferta\/resurs\/","title":{"rendered":"RESURS"},"content":{"rendered":"<style>.kb-row-layout-id4853_b7b4e1-70 > .kt-row-column-wrap{align-content:start;}:where(.kb-row-layout-id4853_b7b4e1-70 > .kt-row-column-wrap) > .wp-block-kadence-column{justify-content:start;}.kb-row-layout-id4853_b7b4e1-70 > .kt-row-column-wrap{column-gap:var(--global-kb-gap-md, 2rem);row-gap:var(--global-kb-gap-md, 2rem);padding-top:var(--global-kb-spacing-sm, 1.5rem);padding-bottom:var(--global-kb-spacing-sm, 1.5rem);grid-template-columns:minmax(0, 1fr);}.kb-row-layout-id4853_b7b4e1-70{background-image:url('https:\/\/ghg.opole.pl\/wp-content\/uploads\/2023\/11\/wozek-widlowy11.jpg');background-size:cover;background-position:50% 27%;background-attachment:scroll;background-repeat:no-repeat;}.kb-row-layout-id4853_b7b4e1-70 > .kt-row-layout-overlay{opacity:0.30;}@media all and (max-width: 1024px){.kb-row-layout-id4853_b7b4e1-70 > .kt-row-column-wrap{grid-template-columns:minmax(0, 1fr);}}@media all and (max-width: 767px){.kb-row-layout-id4853_b7b4e1-70 > .kt-row-column-wrap{grid-template-columns:minmax(0, 1fr);}}<\/style><div class=\"kb-row-layout-wrap kb-row-layout-id4853_b7b4e1-70 alignnone kt-row-has-bg wp-block-kadence-rowlayout\"><div class=\"kt-row-column-wrap kt-has-1-columns kt-row-layout-equal kt-tab-layout-inherit kt-mobile-layout-row kt-row-valign-top\">\n<style>.kadence-column4853_b32e65-a4 > .kt-inside-inner-col{display:flex;}.kadence-column4853_b32e65-a4 > .kt-inside-inner-col{min-height:200px;}.kadence-column4853_b32e65-a4 > .kt-inside-inner-col,.kadence-column4853_b32e65-a4 > .kt-inside-inner-col:before{border-top-left-radius:0px;border-top-right-radius:0px;border-bottom-right-radius:0px;border-bottom-left-radius:0px;}.kadence-column4853_b32e65-a4 > .kt-inside-inner-col{column-gap:var(--global-kb-gap-sm, 1rem);}.kadence-column4853_b32e65-a4 > .kt-inside-inner-col{flex-direction:column;justify-content:center;}.kadence-column4853_b32e65-a4 > .kt-inside-inner-col > .aligncenter{width:100%;}.kt-row-column-wrap > .kadence-column4853_b32e65-a4{align-self:center;}.kt-inner-column-height-full:not(.kt-has-1-columns) > .wp-block-kadence-column.kadence-column4853_b32e65-a4{align-self:auto;}.kt-inner-column-height-full:not(.kt-has-1-columns) > .wp-block-kadence-column.kadence-column4853_b32e65-a4 > .kt-inside-inner-col{flex-direction:column;justify-content:center;}.kadence-column4853_b32e65-a4 > .kt-inside-inner-col:before{opacity:0.3;}.kadence-column4853_b32e65-a4{position:relative;}@media all and (max-width: 1024px){.kt-row-column-wrap > .kadence-column4853_b32e65-a4{align-self:center;}}@media all and (max-width: 1024px){.kt-inner-column-height-full:not(.kt-has-1-columns) > .wp-block-kadence-column.kadence-column4853_b32e65-a4{align-self:auto;}}@media all and (max-width: 1024px){.kt-inner-column-height-full:not(.kt-has-1-columns) > .wp-block-kadence-column.kadence-column4853_b32e65-a4 > .kt-inside-inner-col{flex-direction:column;justify-content:center;}}@media all and (max-width: 1024px){.kadence-column4853_b32e65-a4 > .kt-inside-inner-col{flex-direction:column;justify-content:center;}}@media all and (max-width: 767px){.kt-row-column-wrap > .kadence-column4853_b32e65-a4{align-self:center;}.kt-inner-column-height-full:not(.kt-has-1-columns) > .wp-block-kadence-column.kadence-column4853_b32e65-a4{align-self:auto;}.kt-inner-column-height-full:not(.kt-has-1-columns) > .wp-block-kadence-column.kadence-column4853_b32e65-a4 > .kt-inside-inner-col{flex-direction:column;justify-content:center;}.kadence-column4853_b32e65-a4 > .kt-inside-inner-col{flex-direction:column;justify-content:center;}}<\/style>\n<div class=\"wp-block-kadence-column kadence-column4853_b32e65-a4\"><div class=\"kt-inside-inner-col\"><style>.wp-block-kadence-advancedheading.kt-adv-heading4853_fe3aa5-2d, .wp-block-kadence-advancedheading.kt-adv-heading4853_fe3aa5-2d[data-kb-block=\"kb-adv-heading4853_fe3aa5-2d\"]{text-align:center;font-style:normal;text-transform:uppercase;}.wp-block-kadence-advancedheading.kt-adv-heading4853_fe3aa5-2d mark.kt-highlight, .wp-block-kadence-advancedheading.kt-adv-heading4853_fe3aa5-2d[data-kb-block=\"kb-adv-heading4853_fe3aa5-2d\"] mark.kt-highlight{font-style:normal;color:#f76a0c;-webkit-box-decoration-break:clone;box-decoration-break:clone;padding-top:0px;padding-right:0px;padding-bottom:0px;padding-left:0px;}.wp-block-kadence-advancedheading.kt-adv-heading4853_fe3aa5-2d img.kb-inline-image, .wp-block-kadence-advancedheading.kt-adv-heading4853_fe3aa5-2d[data-kb-block=\"kb-adv-heading4853_fe3aa5-2d\"] img.kb-inline-image{width:150px;vertical-align:baseline;}<\/style>\n<h1 class=\"kt-adv-heading4853_fe3aa5-2d wp-block-kadence-advancedheading has-theme-palette-2-color has-text-color\" data-kb-block=\"kb-adv-heading4853_fe3aa5-2d\">RESURS<\/h1>\n<\/div><\/div>\n\n<\/div><\/div>\n\n<style>.kb-row-layout-id4853_5b95b8-51 > .kt-row-column-wrap{align-content:start;}:where(.kb-row-layout-id4853_5b95b8-51 > .kt-row-column-wrap) > .wp-block-kadence-column{justify-content:start;}.kb-row-layout-id4853_5b95b8-51 > .kt-row-column-wrap{column-gap:var(--global-kb-gap-md, 2rem);row-gap:var(--global-kb-gap-md, 2rem);padding-top:5%;padding-right:5%;padding-bottom:5%;padding-left:5%;grid-template-columns:minmax(0, 1fr);}.kb-row-layout-id4853_5b95b8-51 > .kt-row-layout-overlay{opacity:0.30;}@media all and (max-width: 1024px){.kb-row-layout-id4853_5b95b8-51 > .kt-row-column-wrap{grid-template-columns:minmax(0, 1fr);}}@media all and (max-width: 767px){.kb-row-layout-id4853_5b95b8-51 > .kt-row-column-wrap{grid-template-columns:minmax(0, 1fr);}}<\/style><div class=\"kb-row-layout-wrap kb-row-layout-id4853_5b95b8-51 alignnone wp-block-kadence-rowlayout\"><div class=\"kt-row-column-wrap kt-has-1-columns kt-row-layout-equal kt-tab-layout-inherit kt-mobile-layout-row kt-row-valign-top\">\n<style>.kadence-column4853_bfbfd4-3d > .kt-inside-inner-col,.kadence-column4853_bfbfd4-3d > .kt-inside-inner-col:before{border-top-left-radius:0px;border-top-right-radius:0px;border-bottom-right-radius:0px;border-bottom-left-radius:0px;}.kadence-column4853_bfbfd4-3d > .kt-inside-inner-col{column-gap:var(--global-kb-gap-sm, 1rem);}.kadence-column4853_bfbfd4-3d > .kt-inside-inner-col{flex-direction:column;}.kadence-column4853_bfbfd4-3d > .kt-inside-inner-col > .aligncenter{width:100%;}.kadence-column4853_bfbfd4-3d > .kt-inside-inner-col:before{opacity:0.3;}.kadence-column4853_bfbfd4-3d{position:relative;}@media all and (max-width: 1024px){.kadence-column4853_bfbfd4-3d > .kt-inside-inner-col{flex-direction:column;justify-content:center;}}@media all and (max-width: 767px){.kadence-column4853_bfbfd4-3d > .kt-inside-inner-col{flex-direction:column;justify-content:center;}}<\/style>\n<div class=\"wp-block-kadence-column kadence-column4853_bfbfd4-3d\" data-aos=\"slide-right\" data-aos-duration=\"800\"><div class=\"kt-inside-inner-col\"><style>.wp-block-kadence-advancedheading.kt-adv-heading4853_93b6b0-eb, .wp-block-kadence-advancedheading.kt-adv-heading4853_93b6b0-eb[data-kb-block=\"kb-adv-heading4853_93b6b0-eb\"]{font-style:normal;}.wp-block-kadence-advancedheading.kt-adv-heading4853_93b6b0-eb mark.kt-highlight, .wp-block-kadence-advancedheading.kt-adv-heading4853_93b6b0-eb[data-kb-block=\"kb-adv-heading4853_93b6b0-eb\"] mark.kt-highlight{font-style:normal;color:var(--global-palette1, #3182CE);-webkit-box-decoration-break:clone;box-decoration-break:clone;padding-top:0px;padding-right:0px;padding-bottom:0px;padding-left:0px;}.wp-block-kadence-advancedheading.kt-adv-heading4853_93b6b0-eb img.kb-inline-image, .wp-block-kadence-advancedheading.kt-adv-heading4853_93b6b0-eb[data-kb-block=\"kb-adv-heading4853_93b6b0-eb\"] img.kb-inline-image{width:150px;vertical-align:baseline;}<\/style>\n<h4 class=\"kt-adv-heading4853_93b6b0-eb wp-block-kadence-advancedheading\" data-kb-block=\"kb-adv-heading4853_93b6b0-eb\">W ramach kompleksowych us\u0142ug, Nasza firma oferuje r\u00f3wnie\u017c okre\u015blenie RESURSU danego Urz\u0105dzenia Transportu Bliskiego.<\/h4>\n<\/div><\/div>\n\n\n<style>.kadence-column4853_3c3677-fc > .kt-inside-inner-col,.kadence-column4853_3c3677-fc > .kt-inside-inner-col:before{border-top-left-radius:0px;border-top-right-radius:0px;border-bottom-right-radius:0px;border-bottom-left-radius:0px;}.kadence-column4853_3c3677-fc > .kt-inside-inner-col{column-gap:var(--global-kb-gap-sm, 1rem);}.kadence-column4853_3c3677-fc > .kt-inside-inner-col{flex-direction:column;}.kadence-column4853_3c3677-fc > .kt-inside-inner-col > .aligncenter{width:100%;}.kadence-column4853_3c3677-fc > .kt-inside-inner-col:before{opacity:0.3;}.kadence-column4853_3c3677-fc{position:relative;}@media all and (max-width: 1024px){.kadence-column4853_3c3677-fc > .kt-inside-inner-col{flex-direction:column;justify-content:center;}}@media all and (max-width: 767px){.kadence-column4853_3c3677-fc > .kt-inside-inner-col{flex-direction:column;justify-content:center;}}<\/style>\n<div class=\"wp-block-kadence-column kadence-column4853_3c3677-fc\" data-aos=\"slide-right\" data-aos-duration=\"800\" data-aos-delay=\"200\"><div class=\"kt-inside-inner-col\"><style>.wp-block-kadence-advancedheading.kt-adv-heading4853_0343da-c4, .wp-block-kadence-advancedheading.kt-adv-heading4853_0343da-c4[data-kb-block=\"kb-adv-heading4853_0343da-c4\"]{font-style:normal;}.wp-block-kadence-advancedheading.kt-adv-heading4853_0343da-c4 mark.kt-highlight, .wp-block-kadence-advancedheading.kt-adv-heading4853_0343da-c4[data-kb-block=\"kb-adv-heading4853_0343da-c4\"] mark.kt-highlight{font-style:normal;color:#f76a0c;-webkit-box-decoration-break:clone;box-decoration-break:clone;padding-top:0px;padding-right:0px;padding-bottom:0px;padding-left:0px;}.wp-block-kadence-advancedheading.kt-adv-heading4853_0343da-c4 img.kb-inline-image, .wp-block-kadence-advancedheading.kt-adv-heading4853_0343da-c4[data-kb-block=\"kb-adv-heading4853_0343da-c4\"] img.kb-inline-image{width:150px;vertical-align:baseline;}<\/style>\n<h5 class=\"kt-adv-heading4853_0343da-c4 wp-block-kadence-advancedheading\" data-kb-block=\"kb-adv-heading4853_0343da-c4\"><strong>Zgodnie z <strong>ROZPORZ\u0104DZENIEM MINISTRA PRZEDSI\u0118BIORCZO\u015aCI I TECHNOLOGII <\/strong>z dnia 30 pa\u017adziernika 2018 r. w sprawie warunk\u00f3w technicznych dozoru technicznego w zakresie eksploatacji, napraw i modernizacji urz\u0105dze\u0144 transportu bliskiego, s\u0105 to: <em>\u201e<u>parametry graniczne stosowane do oceny i identyfikacji stanu technicznego, okre\u015blone na podstawie liczby cykli pracy i stanu obci\u0105\u017cenia UTB w za\u0142o\u017conym okresie eksploatacji z uwzgl\u0119dnieniem rzeczywistych warunk\u00f3w u\u017cytkowania<\/u>\u201d.<\/em><\/strong><\/h5>\n\n\n<style>.kadence-column4853_3c23d6-82 > .kt-inside-inner-col,.kadence-column4853_3c23d6-82 > .kt-inside-inner-col:before{border-top-left-radius:0px;border-top-right-radius:0px;border-bottom-right-radius:0px;border-bottom-left-radius:0px;}.kadence-column4853_3c23d6-82 > .kt-inside-inner-col{column-gap:var(--global-kb-gap-sm, 1rem);}.kadence-column4853_3c23d6-82 > .kt-inside-inner-col{flex-direction:column;}.kadence-column4853_3c23d6-82 > .kt-inside-inner-col > .aligncenter{width:100%;}.kadence-column4853_3c23d6-82 > .kt-inside-inner-col:before{opacity:0.3;}.kadence-column4853_3c23d6-82{position:relative;}@media all and (max-width: 1024px){.kadence-column4853_3c23d6-82 > .kt-inside-inner-col{flex-direction:column;justify-content:center;}}@media all and (max-width: 767px){.kadence-column4853_3c23d6-82 > .kt-inside-inner-col{flex-direction:column;justify-content:center;}}<\/style>\n<div class=\"wp-block-kadence-column kadence-column4853_3c23d6-82\" data-aos=\"slide-right\" data-aos-duration=\"800\"><div class=\"kt-inside-inner-col\"><style>.wp-block-kadence-advancedheading.kt-adv-heading4853_fdc020-d7, .wp-block-kadence-advancedheading.kt-adv-heading4853_fdc020-d7[data-kb-block=\"kb-adv-heading4853_fdc020-d7\"]{font-style:normal;}.wp-block-kadence-advancedheading.kt-adv-heading4853_fdc020-d7 mark.kt-highlight, .wp-block-kadence-advancedheading.kt-adv-heading4853_fdc020-d7[data-kb-block=\"kb-adv-heading4853_fdc020-d7\"] mark.kt-highlight{font-style:normal;color:#f76a0c;-webkit-box-decoration-break:clone;box-decoration-break:clone;padding-top:0px;padding-right:0px;padding-bottom:0px;padding-left:0px;}.wp-block-kadence-advancedheading.kt-adv-heading4853_fdc020-d7 img.kb-inline-image, .wp-block-kadence-advancedheading.kt-adv-heading4853_fdc020-d7[data-kb-block=\"kb-adv-heading4853_fdc020-d7\"] img.kb-inline-image{width:150px;vertical-align:baseline;}<\/style>\n<h4 class=\"kt-adv-heading4853_fdc020-d7 wp-block-kadence-advancedheading\" data-kb-block=\"kb-adv-heading4853_fdc020-d7\">Co w przypadku wykorzystanego RESURSU?<\/h4>\n<\/div><\/div>\n<\/div><\/div>\n\n\n<style>.kadence-column4853_a19e21-a6 > .kt-inside-inner-col,.kadence-column4853_a19e21-a6 > .kt-inside-inner-col:before{border-top-left-radius:0px;border-top-right-radius:0px;border-bottom-right-radius:0px;border-bottom-left-radius:0px;}.kadence-column4853_a19e21-a6 > .kt-inside-inner-col{column-gap:var(--global-kb-gap-sm, 1rem);}.kadence-column4853_a19e21-a6 > .kt-inside-inner-col{flex-direction:column;}.kadence-column4853_a19e21-a6 > .kt-inside-inner-col > .aligncenter{width:100%;}.kadence-column4853_a19e21-a6 > .kt-inside-inner-col:before{opacity:0.3;}.kadence-column4853_a19e21-a6{position:relative;}@media all and (max-width: 1024px){.kadence-column4853_a19e21-a6 > .kt-inside-inner-col{flex-direction:column;justify-content:center;}}@media all and (max-width: 767px){.kadence-column4853_a19e21-a6 > .kt-inside-inner-col{flex-direction:column;justify-content:center;}}<\/style>\n<div class=\"wp-block-kadence-column kadence-column4853_a19e21-a6\" data-aos=\"slide-right\" data-aos-duration=\"800\" data-aos-delay=\"400\"><div class=\"kt-inside-inner-col\"><style>.wp-block-kadence-advancedheading.kt-adv-heading4853_801b9e-c0, .wp-block-kadence-advancedheading.kt-adv-heading4853_801b9e-c0[data-kb-block=\"kb-adv-heading4853_801b9e-c0\"]{font-style:normal;}.wp-block-kadence-advancedheading.kt-adv-heading4853_801b9e-c0 mark.kt-highlight, .wp-block-kadence-advancedheading.kt-adv-heading4853_801b9e-c0[data-kb-block=\"kb-adv-heading4853_801b9e-c0\"] mark.kt-highlight{font-style:normal;color:#f76a0c;-webkit-box-decoration-break:clone;box-decoration-break:clone;padding-top:0px;padding-right:0px;padding-bottom:0px;padding-left:0px;}.wp-block-kadence-advancedheading.kt-adv-heading4853_801b9e-c0 img.kb-inline-image, .wp-block-kadence-advancedheading.kt-adv-heading4853_801b9e-c0[data-kb-block=\"kb-adv-heading4853_801b9e-c0\"] img.kb-inline-image{width:150px;vertical-align:baseline;}<\/style>\n<h5 class=\"kt-adv-heading4853_801b9e-c0 wp-block-kadence-advancedheading\" data-kb-block=\"kb-adv-heading4853_801b9e-c0\"><strong>W momencie, gdy dane urz\u0105dzenie przekroczy okre\u015blon\u0105 przez producenta, liczb\u0119 cykli roboczych (okre\u015blanych r\u00f3wnie\u017c jako motogodziny [MTH]), jest niezb\u0119dne przeprowadzenie <strong>przegl\u0105du specjalnego stanu technicznego<\/strong> urz\u0105dzenia.\u00a0 Gruntowne sprawdzenie element\u00f3w ruchomych jak i nieruchomych umo\u017cliwia ewentualne zlecenie napraw lub wymian\u0119 poszczeg\u00f3lnych element\u00f3w. Przeprowadzone prace pozwalaj\u0105 obliczy\u0107 nowy resurs i przywr\u00f3ci\u0107 urz\u0105dzenie do dalszego u\u017cytkowania.<\/strong><\/h5>\n<\/div><\/div>\n\n\n<style>.kadence-column4853_1750b7-45 > .kt-inside-inner-col,.kadence-column4853_1750b7-45 > .kt-inside-inner-col:before{border-top-left-radius:0px;border-top-right-radius:0px;border-bottom-right-radius:0px;border-bottom-left-radius:0px;}.kadence-column4853_1750b7-45 > .kt-inside-inner-col{column-gap:var(--global-kb-gap-sm, 1rem);}.kadence-column4853_1750b7-45 > .kt-inside-inner-col{flex-direction:column;}.kadence-column4853_1750b7-45 > .kt-inside-inner-col > .aligncenter{width:100%;}.kadence-column4853_1750b7-45 > .kt-inside-inner-col:before{opacity:0.3;}.kadence-column4853_1750b7-45{position:relative;}@media all and (max-width: 1024px){.kadence-column4853_1750b7-45 > .kt-inside-inner-col{flex-direction:column;justify-content:center;}}@media all and (max-width: 767px){.kadence-column4853_1750b7-45 > .kt-inside-inner-col{flex-direction:column;justify-content:center;}}<\/style>\n<div class=\"wp-block-kadence-column kadence-column4853_1750b7-45\" data-aos=\"slide-right\" data-aos-duration=\"800\" data-aos-delay=\"600\"><div class=\"kt-inside-inner-col\"><style>.wp-block-kadence-advancedheading.kt-adv-heading4853_fac4ce-b4, .wp-block-kadence-advancedheading.kt-adv-heading4853_fac4ce-b4[data-kb-block=\"kb-adv-heading4853_fac4ce-b4\"]{font-style:normal;}.wp-block-kadence-advancedheading.kt-adv-heading4853_fac4ce-b4 mark.kt-highlight, .wp-block-kadence-advancedheading.kt-adv-heading4853_fac4ce-b4[data-kb-block=\"kb-adv-heading4853_fac4ce-b4\"] mark.kt-highlight{font-style:normal;color:#f76a0c;-webkit-box-decoration-break:clone;box-decoration-break:clone;padding-top:0px;padding-right:0px;padding-bottom:0px;padding-left:0px;}.wp-block-kadence-advancedheading.kt-adv-heading4853_fac4ce-b4 img.kb-inline-image, .wp-block-kadence-advancedheading.kt-adv-heading4853_fac4ce-b4[data-kb-block=\"kb-adv-heading4853_fac4ce-b4\"] img.kb-inline-image{width:150px;vertical-align:baseline;}<\/style>\n<h5 class=\"kt-adv-heading4853_fac4ce-b4 wp-block-kadence-advancedheading\" data-kb-block=\"kb-adv-heading4853_fac4ce-b4\">Nasza firma zatrudnia wykwalifikowane osoby, kt\u00f3re zajm\u0105 si\u0119 tematem resursu ka\u017cdego urz\u0105dzenia transportu bliskiego oraz wszelkimi zadaniami zwi\u0105zanymi z napraw\u0105 jak i kompleksowym sporz\u0105dzeniem dokumentacji dotycz\u0105cej UDT. Posiadamy stosowne narz\u0119dzia pomiarowe z wa\u017cnymi certyfikatami kalibracji, kt\u00f3re umo\u017cliwiaj\u0105 przeprowadzanie przegl\u0105d\u00f3w specjalnych UTB.<\/h5>\n<\/div><\/div>\n\n<\/div><\/div>","protected":false},"excerpt":{"rendered":"<p>RESURS W ramach kompleksowych us\u0142ug, Nasza firma oferuje r\u00f3wnie\u017c okre\u015blenie RESURSU danego Urz\u0105dzenia Transportu Bliskiego. Zgodnie z ROZPORZ\u0104DZENIEM MINISTRA PRZEDSI\u0118BIORCZO\u015aCI I TECHNOLOGII z dnia 30 pa\u017adziernika 2018 r. w sprawie&#8230;<\/p>\n","protected":false},"author":1,"featured_media":0,"parent":1127,"menu_order":1,"comment_status":"closed","ping_status":"closed","template":"","meta":{"_kad_blocks_custom_css":"","_kad_blocks_head_custom_js":"","_kad_blocks_body_custom_js":"","_kad_blocks_footer_custom_js":"","_EventAllDay":false,"_EventTimezone":"","_EventStartDate":"","_EventEndDate":"","_EventStartDateUTC":"","_EventEndDateUTC":"","_EventShowMap":false,"_EventShowMapLink":false,"_EventURL":"","_EventCost":"","_EventCostDescription":"","_EventCurrencySymbol":"","_EventCurrencyCode":"","_EventCurrencyPosition":"","_EventDateTimeSeparator":"","_EventTimeRangeSeparator":"","_EventOrganizerID":[],"_EventVenueID":[],"_OrganizerEmail":"","_OrganizerPhone":"","_OrganizerWebsite":"","_VenueAddress":"","_VenueCity":"","_VenueCountry":"","_VenueProvince":"","_VenueState":"","_VenueZip":"","_VenuePhone":"","_VenueURL":"","_VenueStateProvince":"","_VenueLat":"","_VenueLng":"","_VenueShowMap":false,"_VenueShowMapLink":false,"_kadence_starter_templates_imported_post":false,"_kad_post_transparent":"","_kad_post_title":"hide","_kad_post_layout":"fullwidth","_kad_post_sidebar_id":"","_kad_post_content_style":"unboxed","_kad_post_vertical_padding":"","_kad_post_feature":"","_kad_post_feature_position":"","_kad_post_header":false,"_kad_post_footer":false,"_kad_post_classname":"","footnotes":""},"class_list":["post-4853","page","type-page","status-publish","hentry"],"taxonomy_info":[],"featured_image_src_large":false,"author_info":{"display_name":"serwis","author_link":"https:\/\/ghg.opole.pl\/index.php\/author\/mkf\/"},"comment_info":0,"_links":{"self":[{"href":"https:\/\/ghg.opole.pl\/index.php\/wp-json\/wp\/v2\/pages\/4853","targetHints":{"allow":["GET"]}}],"collection":[{"href":"https:\/\/ghg.opole.pl\/index.php\/wp-json\/wp\/v2\/pages"}],"about":[{"href":"https:\/\/ghg.opole.pl\/index.php\/wp-json\/wp\/v2\/types\/page"}],"author":[{"embeddable":true,"href":"https:\/\/ghg.opole.pl\/index.php\/wp-json\/wp\/v2\/users\/1"}],"replies":[{"embeddable":true,"href":"https:\/\/ghg.opole.pl\/index.php\/wp-json\/wp\/v2\/comments?post=4853"}],"version-history":[{"count":4,"href":"https:\/\/ghg.opole.pl\/index.php\/wp-json\/wp\/v2\/pages\/4853\/revisions"}],"predecessor-version":[{"id":4857,"href":"https:\/\/ghg.opole.pl\/index.php\/wp-json\/wp\/v2\/pages\/4853\/revisions\/4857"}],"up":[{"embeddable":true,"href":"https:\/\/ghg.opole.pl\/index.php\/wp-json\/wp\/v2\/pages\/1127"}],"wp:attachment":[{"href":"https:\/\/ghg.opole.pl\/index.php\/wp-json\/wp\/v2\/media?parent=4853"}],"curies":[{"name":"wp","href":"https:\/\/api.w.org\/{rel}","templated":true}]}}