{"id":4772,"date":"2023-12-22T14:31:17","date_gmt":"2023-12-22T13:31:17","guid":{"rendered":"http:\/\/nowa.ghg.opole.pl\/?page_id=4772"},"modified":"2023-12-22T14:31:17","modified_gmt":"2023-12-22T13:31:17","slug":"elektromechanik","status":"publish","type":"page","link":"https:\/\/ghg.opole.pl\/index.php\/praca\/elektromechanik\/","title":{"rendered":"Elektromechanik"},"content":{"rendered":"<style>.kb-row-layout-id4772_29f0e7-62 > .kt-row-column-wrap{align-content:start;}:where(.kb-row-layout-id4772_29f0e7-62 > .kt-row-column-wrap) > .wp-block-kadence-column{justify-content:start;}.kb-row-layout-id4772_29f0e7-62 > .kt-row-column-wrap{column-gap:var(--global-kb-gap-md, 2rem);row-gap:var(--global-kb-gap-md, 2rem);padding-top:var(--global-kb-spacing-sm, 1.5rem);padding-bottom:var(--global-kb-spacing-sm, 1.5rem);grid-template-columns:minmax(0, 1fr);}.kb-row-layout-id4772_29f0e7-62{background-image:url('https:\/\/ghg.opole.pl\/wp-content\/uploads\/2023\/11\/wozek-widlowy11.jpg');background-size:cover;background-position:50% 27%;background-attachment:scroll;background-repeat:no-repeat;}.kb-row-layout-id4772_29f0e7-62 > .kt-row-layout-overlay{opacity:0.30;}@media all and (max-width: 1024px){.kb-row-layout-id4772_29f0e7-62 > .kt-row-column-wrap{grid-template-columns:minmax(0, 1fr);}}@media all and (max-width: 767px){.kb-row-layout-id4772_29f0e7-62 > .kt-row-column-wrap{grid-template-columns:minmax(0, 1fr);}}<\/style><div class=\"kb-row-layout-wrap kb-row-layout-id4772_29f0e7-62 alignnone kt-row-has-bg wp-block-kadence-rowlayout\"><div class=\"kt-row-column-wrap kt-has-1-columns kt-row-layout-equal kt-tab-layout-inherit kt-mobile-layout-row kt-row-valign-top\">\n<style>.kadence-column4772_ae6f19-04 > .kt-inside-inner-col{display:flex;}.kadence-column4772_ae6f19-04 > .kt-inside-inner-col{min-height:200px;}.kadence-column4772_ae6f19-04 > .kt-inside-inner-col,.kadence-column4772_ae6f19-04 > .kt-inside-inner-col:before{border-top-left-radius:0px;border-top-right-radius:0px;border-bottom-right-radius:0px;border-bottom-left-radius:0px;}.kadence-column4772_ae6f19-04 > .kt-inside-inner-col{column-gap:var(--global-kb-gap-sm, 1rem);}.kadence-column4772_ae6f19-04 > .kt-inside-inner-col{flex-direction:column;justify-content:center;}.kadence-column4772_ae6f19-04 > .kt-inside-inner-col > .aligncenter{width:100%;}.kt-row-column-wrap > .kadence-column4772_ae6f19-04{align-self:center;}.kt-inner-column-height-full:not(.kt-has-1-columns) > .wp-block-kadence-column.kadence-column4772_ae6f19-04{align-self:auto;}.kt-inner-column-height-full:not(.kt-has-1-columns) > .wp-block-kadence-column.kadence-column4772_ae6f19-04 > .kt-inside-inner-col{flex-direction:column;justify-content:center;}.kadence-column4772_ae6f19-04 > .kt-inside-inner-col:before{opacity:0.3;}.kadence-column4772_ae6f19-04{position:relative;}@media all and (max-width: 1024px){.kt-row-column-wrap > .kadence-column4772_ae6f19-04{align-self:center;}}@media all and (max-width: 1024px){.kt-inner-column-height-full:not(.kt-has-1-columns) > .wp-block-kadence-column.kadence-column4772_ae6f19-04{align-self:auto;}}@media all and (max-width: 1024px){.kt-inner-column-height-full:not(.kt-has-1-columns) > .wp-block-kadence-column.kadence-column4772_ae6f19-04 > .kt-inside-inner-col{flex-direction:column;justify-content:center;}}@media all and (max-width: 1024px){.kadence-column4772_ae6f19-04 > .kt-inside-inner-col{flex-direction:column;justify-content:center;}}@media all and (max-width: 767px){.kt-row-column-wrap > .kadence-column4772_ae6f19-04{align-self:center;}.kt-inner-column-height-full:not(.kt-has-1-columns) > .wp-block-kadence-column.kadence-column4772_ae6f19-04{align-self:auto;}.kt-inner-column-height-full:not(.kt-has-1-columns) > .wp-block-kadence-column.kadence-column4772_ae6f19-04 > .kt-inside-inner-col{flex-direction:column;justify-content:center;}.kadence-column4772_ae6f19-04 > .kt-inside-inner-col{flex-direction:column;justify-content:center;}}<\/style>\n<div class=\"wp-block-kadence-column kadence-column4772_ae6f19-04\"><div class=\"kt-inside-inner-col\"><style>.wp-block-kadence-advancedheading.kt-adv-heading4772_e12235-f5, .wp-block-kadence-advancedheading.kt-adv-heading4772_e12235-f5[data-kb-block=\"kb-adv-heading4772_e12235-f5\"]{text-align:center;font-style:normal;text-transform:uppercase;}.wp-block-kadence-advancedheading.kt-adv-heading4772_e12235-f5 mark.kt-highlight, .wp-block-kadence-advancedheading.kt-adv-heading4772_e12235-f5[data-kb-block=\"kb-adv-heading4772_e12235-f5\"] mark.kt-highlight{font-style:normal;color:#f76a0c;-webkit-box-decoration-break:clone;box-decoration-break:clone;padding-top:0px;padding-right:0px;padding-bottom:0px;padding-left:0px;}.wp-block-kadence-advancedheading.kt-adv-heading4772_e12235-f5 img.kb-inline-image, .wp-block-kadence-advancedheading.kt-adv-heading4772_e12235-f5[data-kb-block=\"kb-adv-heading4772_e12235-f5\"] img.kb-inline-image{width:150px;vertical-align:baseline;}<\/style>\n<h1 class=\"kt-adv-heading4772_e12235-f5 wp-block-kadence-advancedheading has-theme-palette-2-color has-text-color\" data-kb-block=\"kb-adv-heading4772_e12235-f5\">elektromechanik<\/h1>\n<\/div><\/div>\n\n<\/div><\/div>\n\n<style>.kb-row-layout-id4772_9c7a33-88 > .kt-row-column-wrap{align-content:start;}:where(.kb-row-layout-id4772_9c7a33-88 > .kt-row-column-wrap) > .wp-block-kadence-column{justify-content:start;}.kb-row-layout-id4772_9c7a33-88 > .kt-row-column-wrap{column-gap:var(--global-kb-gap-md, 2rem);row-gap:var(--global-kb-gap-md, 2rem);padding-top:5%;padding-right:5%;padding-bottom:5%;padding-left:5%;grid-template-columns:minmax(0, calc(65% - ((var(--global-kb-gap-md, 2rem) * 1 )\/2)))minmax(0, calc(35% - ((var(--global-kb-gap-md, 2rem) * 1 )\/2)));}.kb-row-layout-id4772_9c7a33-88 > .kt-row-layout-overlay{opacity:0.30;}@media all and (max-width: 1024px){.kb-row-layout-id4772_9c7a33-88 > .kt-row-column-wrap{grid-template-columns:repeat(2, minmax(0, 1fr));}}@media all and (max-width: 767px){.kb-row-layout-id4772_9c7a33-88 > .kt-row-column-wrap{grid-template-columns:minmax(0, 1fr);}}<\/style><div class=\"kb-row-layout-wrap kb-row-layout-id4772_9c7a33-88 alignnone wp-block-kadence-rowlayout\"><div class=\"kt-row-column-wrap kt-has-2-columns kt-row-layout-equal kt-tab-layout-inherit kt-mobile-layout-row kt-row-valign-top\">\n<style>.kadence-column4772_2e4e82-42 > .kt-inside-inner-col,.kadence-column4772_2e4e82-42 > .kt-inside-inner-col:before{border-top-left-radius:0px;border-top-right-radius:0px;border-bottom-right-radius:0px;border-bottom-left-radius:0px;}.kadence-column4772_2e4e82-42 > .kt-inside-inner-col{column-gap:var(--global-kb-gap-sm, 1rem);}.kadence-column4772_2e4e82-42 > .kt-inside-inner-col{flex-direction:column;}.kadence-column4772_2e4e82-42 > .kt-inside-inner-col > .aligncenter{width:100%;}.kadence-column4772_2e4e82-42 > .kt-inside-inner-col:before{opacity:0.3;}.kadence-column4772_2e4e82-42{position:relative;}@media all and (max-width: 1024px){.kadence-column4772_2e4e82-42 > .kt-inside-inner-col{flex-direction:column;justify-content:center;}}@media all and (max-width: 767px){.kadence-column4772_2e4e82-42 > .kt-inside-inner-col{flex-direction:column;justify-content:center;}}<\/style>\n<div class=\"wp-block-kadence-column kadence-column4772_2e4e82-42\" data-aos=\"slide-right\" data-aos-duration=\"800\" data-aos-once=\"true\"><div class=\"kt-inside-inner-col\"><style>.wp-block-kadence-advancedheading.kt-adv-heading4772_c974ef-fb, .wp-block-kadence-advancedheading.kt-adv-heading4772_c974ef-fb[data-kb-block=\"kb-adv-heading4772_c974ef-fb\"]{font-style:normal;}.wp-block-kadence-advancedheading.kt-adv-heading4772_c974ef-fb mark.kt-highlight, .wp-block-kadence-advancedheading.kt-adv-heading4772_c974ef-fb[data-kb-block=\"kb-adv-heading4772_c974ef-fb\"] mark.kt-highlight{font-style:normal;color:#f76a0c;-webkit-box-decoration-break:clone;box-decoration-break:clone;padding-top:0px;padding-right:0px;padding-bottom:0px;padding-left:0px;}.wp-block-kadence-advancedheading.kt-adv-heading4772_c974ef-fb img.kb-inline-image, .wp-block-kadence-advancedheading.kt-adv-heading4772_c974ef-fb[data-kb-block=\"kb-adv-heading4772_c974ef-fb\"] img.kb-inline-image{width:150px;vertical-align:baseline;}<\/style>\n<h5 class=\"kt-adv-heading4772_c974ef-fb wp-block-kadence-advancedheading\" data-kb-block=\"kb-adv-heading4772_c974ef-fb\"><strong>Firma Us\u0142ug D\u017awigowych, dzia\u0142aj\u0105ca na terenie wojew\u00f3dztwa Opolskiego, aktualnie poszukuje kandydat\u00f3w na stanowisko&nbsp;Mechanik\/ Elektromechanik \/ Konserwator Urz\u0105dze\u0144 D\u017awigowych<\/strong><\/h5>\n\n\n<style>.wp-block-kadence-advancedheading.kt-adv-heading4772_d2bd93-51, .wp-block-kadence-advancedheading.kt-adv-heading4772_d2bd93-51[data-kb-block=\"kb-adv-heading4772_d2bd93-51\"]{font-style:normal;}.wp-block-kadence-advancedheading.kt-adv-heading4772_d2bd93-51 mark.kt-highlight, .wp-block-kadence-advancedheading.kt-adv-heading4772_d2bd93-51[data-kb-block=\"kb-adv-heading4772_d2bd93-51\"] mark.kt-highlight{font-style:normal;color:#f76a0c;-webkit-box-decoration-break:clone;box-decoration-break:clone;padding-top:0px;padding-right:0px;padding-bottom:0px;padding-left:0px;}.wp-block-kadence-advancedheading.kt-adv-heading4772_d2bd93-51 img.kb-inline-image, .wp-block-kadence-advancedheading.kt-adv-heading4772_d2bd93-51[data-kb-block=\"kb-adv-heading4772_d2bd93-51\"] img.kb-inline-image{width:150px;vertical-align:baseline;}<\/style>\n<p class=\"kt-adv-heading4772_d2bd93-51 wp-block-kadence-advancedheading\" data-kb-block=\"kb-adv-heading4772_d2bd93-51\"><strong>W zakres obowi\u0105zk\u00f3w wchodzi\u0107 b\u0119dzie:<\/strong><\/p>\n\n\n\n<ul class=\"wp-block-list\">\n<li>Nauka poprzez prac\u0119 jako pomoc Konserwatora lub samodzielne stanowisko Konserwatora<\/li>\n\n\n\n<li>Konserwacja, regulacja i naprawa urz\u0105dze\u0144 d\u017awigowych<\/li>\n\n\n\n<li>Wykonywanie przegl\u0105d\u00f3w okresowych<\/li>\n\n\n\n<li>Kontrola i ocena stanu technicznego urz\u0105dze\u0144 d\u017awigowych<\/li>\n\n\n\n<li>Rozwi\u0105zywanie problem\u00f3w technicznych<\/li>\n\n\n\n<li>Usuwanie usterek<\/li>\n\n\n\n<li>Utrzymywanie dobrych kontakt\u00f3w z klientami<\/li>\n<\/ul>\n\n\n<style>.wp-block-kadence-spacer.kt-block-spacer-4772_fc0eb0-f8 .kt-block-spacer{height:20px;}.wp-block-kadence-spacer.kt-block-spacer-4772_fc0eb0-f8 .kt-divider{border-top-width:5px;height:1px;border-top-color:#eee;width:90%;border-top-style:solid;}<\/style>\n<div class=\"wp-block-kadence-spacer aligncenter kt-block-spacer-4772_fc0eb0-f8\"><div class=\"kt-block-spacer kt-block-spacer-halign-center\"><hr class=\"kt-divider\"\/><\/div><\/div>\n\n\n<style>.wp-block-kadence-advancedheading.kt-adv-heading4772_165400-68, .wp-block-kadence-advancedheading.kt-adv-heading4772_165400-68[data-kb-block=\"kb-adv-heading4772_165400-68\"]{font-style:normal;}.wp-block-kadence-advancedheading.kt-adv-heading4772_165400-68 mark.kt-highlight, .wp-block-kadence-advancedheading.kt-adv-heading4772_165400-68[data-kb-block=\"kb-adv-heading4772_165400-68\"] mark.kt-highlight{font-style:normal;color:#f76a0c;-webkit-box-decoration-break:clone;box-decoration-break:clone;padding-top:0px;padding-right:0px;padding-bottom:0px;padding-left:0px;}.wp-block-kadence-advancedheading.kt-adv-heading4772_165400-68 img.kb-inline-image, .wp-block-kadence-advancedheading.kt-adv-heading4772_165400-68[data-kb-block=\"kb-adv-heading4772_165400-68\"] img.kb-inline-image{width:150px;vertical-align:baseline;}<\/style>\n<p class=\"kt-adv-heading4772_165400-68 wp-block-kadence-advancedheading\" data-kb-block=\"kb-adv-heading4772_165400-68\"><strong>Wymagania<\/strong><\/p>\n\n\n\n<ul class=\"wp-block-list\">\n<li>Wykszta\u0142cenie techniczne min. Zawodowe<\/li>\n\n\n\n<li>Mile widziane uprawnienia UDT<\/li>\n\n\n\n<li>Ch\u0119ci do rozwijania swoich kwalifikacji zawodowych<\/li>\n\n\n\n<li>Prawo jazdy kat. B<\/li>\n\n\n\n<li>Odpowiedzialno\u015b\u0107, zaanga\u017cowanie i rzetelno\u015b\u0107 w wykonywaniu powierzonych obowi\u0105zk\u00f3w b\u0119d\u0105 nieodzowne w tej pracy<\/li>\n<\/ul>\n\n\n<style>.wp-block-kadence-spacer.kt-block-spacer-4772_97c487-48 .kt-block-spacer{height:20px;}.wp-block-kadence-spacer.kt-block-spacer-4772_97c487-48 .kt-divider{border-top-width:5px;height:1px;border-top-color:#eee;width:90%;border-top-style:solid;}<\/style>\n<div class=\"wp-block-kadence-spacer aligncenter kt-block-spacer-4772_97c487-48\"><div class=\"kt-block-spacer kt-block-spacer-halign-center\"><hr class=\"kt-divider\"\/><\/div><\/div>\n\n\n\n<p><strong>Oferujemy<\/strong><\/p>\n\n\n\n<ul class=\"wp-block-list\">\n<li>Stabilne zatrudnienie \u2013 umow\u0119 o prac\u0119<\/li>\n\n\n\n<li>Sta\u0142e wynagrodzenie miesi\u0119czne, uzale\u017cnione od posiadanych kwalifikacji oraz premia uznaniowa za prace dodatkowe (wzrost wynagrodzenia w miar\u0119 zdobywania dalszych kwalifikacji i uprawnie\u0144)<\/li>\n\n\n\n<li>Mo\u017cliwo\u015b\u0107 przyuczenia do zawodu<\/li>\n\n\n\n<li>Po zdobyciu uprawnie\u0144 awans na samodzielne stanowisko<\/li>\n\n\n\n<li>Prac\u0119 w m\u0142odym zespole<\/li>\n\n\n\n<li>Aktywny udzia\u0142 w dzia\u0142aniach firmy<\/li>\n<\/ul>\n<\/div><\/div>\n\n\n<style>.kadence-column4772_863167-e0 > .kt-inside-inner-col,.kadence-column4772_863167-e0 > .kt-inside-inner-col:before{border-top-left-radius:0px;border-top-right-radius:0px;border-bottom-right-radius:0px;border-bottom-left-radius:0px;}.kadence-column4772_863167-e0 > .kt-inside-inner-col{column-gap:var(--global-kb-gap-sm, 1rem);}.kadence-column4772_863167-e0 > .kt-inside-inner-col{flex-direction:column;}.kadence-column4772_863167-e0 > .kt-inside-inner-col > .aligncenter{width:100%;}.kadence-column4772_863167-e0 > .kt-inside-inner-col:before{opacity:0.3;}.kadence-column4772_863167-e0{position:relative;}@media all and (max-width: 1024px){.kadence-column4772_863167-e0 > .kt-inside-inner-col{flex-direction:column;justify-content:center;}}@media all and (max-width: 767px){.kadence-column4772_863167-e0 > .kt-inside-inner-col{flex-direction:column;justify-content:center;}}<\/style>\n<div class=\"wp-block-kadence-column kadence-column4772_863167-e0\" data-aos=\"slide-left\" data-aos-duration=\"800\" data-aos-delay=\"200\" data-aos-once=\"true\"><div class=\"kt-inside-inner-col\"><style>.kb-image4772_1d7cd7-90.kb-image-is-ratio-size, .kb-image4772_1d7cd7-90 .kb-image-is-ratio-size{max-width:369px;width:100%;}.wp-block-kadence-column > .kt-inside-inner-col > .kb-image4772_1d7cd7-90.kb-image-is-ratio-size, .wp-block-kadence-column > .kt-inside-inner-col > .kb-image4772_1d7cd7-90 .kb-image-is-ratio-size{align-self:unset;}.kb-image4772_1d7cd7-90{max-width:369px;}.image-is-svg.kb-image4772_1d7cd7-90{-webkit-flex:0 1 100%;flex:0 1 100%;}.image-is-svg.kb-image4772_1d7cd7-90 img{width:100%;}.kb-image4772_1d7cd7-90 .kb-image-has-overlay:after{opacity:0.3;}<\/style>\n<figure class=\"wp-block-kadence-image kb-image4772_1d7cd7-90 size-full\"><img loading=\"lazy\" decoding=\"async\" width=\"870\" height=\"1023\" src=\"https:\/\/ghg.opole.pl\/wp-content\/uploads\/2023\/11\/cv-5973796_1280.jpg\" alt=\"\" class=\"kb-img wp-image-1505\" srcset=\"https:\/\/ghg.opole.pl\/wp-content\/uploads\/2023\/11\/cv-5973796_1280.jpg 870w, https:\/\/ghg.opole.pl\/wp-content\/uploads\/2023\/11\/cv-5973796_1280-255x300.jpg 255w, https:\/\/ghg.opole.pl\/wp-content\/uploads\/2023\/11\/cv-5973796_1280-768x903.jpg 768w\" sizes=\"auto, (max-width: 870px) 100vw, 870px\" \/><\/figure>\n<\/div><\/div>\n\n<\/div><\/div>","protected":false},"excerpt":{"rendered":"<p>elektromechanik Firma Us\u0142ug D\u017awigowych, dzia\u0142aj\u0105ca na terenie wojew\u00f3dztwa Opolskiego, aktualnie poszukuje kandydat\u00f3w na stanowisko&nbsp;Mechanik\/ Elektromechanik \/ Konserwator Urz\u0105dze\u0144 D\u017awigowych W zakres obowi\u0105zk\u00f3w wchodzi\u0107 b\u0119dzie: Wymagania Oferujemy<\/p>\n","protected":false},"author":1,"featured_media":0,"parent":1161,"menu_order":0,"comment_status":"closed","ping_status":"closed","template":"","meta":{"_kad_blocks_custom_css":"","_kad_blocks_head_custom_js":"","_kad_blocks_body_custom_js":"","_kad_blocks_footer_custom_js":"","_EventAllDay":false,"_EventTimezone":"","_EventStartDate":"","_EventEndDate":"","_EventStartDateUTC":"","_EventEndDateUTC":"","_EventShowMap":false,"_EventShowMapLink":false,"_EventURL":"","_EventCost":"","_EventCostDescription":"","_EventCurrencySymbol":"","_EventCurrencyCode":"","_EventCurrencyPosition":"","_EventDateTimeSeparator":"","_EventTimeRangeSeparator":"","_EventOrganizerID":[],"_EventVenueID":[],"_OrganizerEmail":"","_OrganizerPhone":"","_OrganizerWebsite":"","_VenueAddress":"","_VenueCity":"","_VenueCountry":"","_VenueProvince":"","_VenueState":"","_VenueZip":"","_VenuePhone":"","_VenueURL":"","_VenueStateProvince":"","_VenueLat":"","_VenueLng":"","_VenueShowMap":false,"_VenueShowMapLink":false,"_kadence_starter_templates_imported_post":false,"_kad_post_transparent":"","_kad_post_title":"hide","_kad_post_layout":"fullwidth","_kad_post_sidebar_id":"","_kad_post_content_style":"unboxed","_kad_post_vertical_padding":"","_kad_post_feature":"","_kad_post_feature_position":"","_kad_post_header":false,"_kad_post_footer":false,"_kad_post_classname":"","footnotes":""},"class_list":["post-4772","page","type-page","status-publish","hentry"],"taxonomy_info":[],"featured_image_src_large":false,"author_info":{"display_name":"serwis","author_link":"https:\/\/ghg.opole.pl\/index.php\/author\/mkf\/"},"comment_info":0,"_links":{"self":[{"href":"https:\/\/ghg.opole.pl\/index.php\/wp-json\/wp\/v2\/pages\/4772","targetHints":{"allow":["GET"]}}],"collection":[{"href":"https:\/\/ghg.opole.pl\/index.php\/wp-json\/wp\/v2\/pages"}],"about":[{"href":"https:\/\/ghg.opole.pl\/index.php\/wp-json\/wp\/v2\/types\/page"}],"author":[{"embeddable":true,"href":"https:\/\/ghg.opole.pl\/index.php\/wp-json\/wp\/v2\/users\/1"}],"replies":[{"embeddable":true,"href":"https:\/\/ghg.opole.pl\/index.php\/wp-json\/wp\/v2\/comments?post=4772"}],"version-history":[{"count":2,"href":"https:\/\/ghg.opole.pl\/index.php\/wp-json\/wp\/v2\/pages\/4772\/revisions"}],"predecessor-version":[{"id":4774,"href":"https:\/\/ghg.opole.pl\/index.php\/wp-json\/wp\/v2\/pages\/4772\/revisions\/4774"}],"up":[{"embeddable":true,"href":"https:\/\/ghg.opole.pl\/index.php\/wp-json\/wp\/v2\/pages\/1161"}],"wp:attachment":[{"href":"https:\/\/ghg.opole.pl\/index.php\/wp-json\/wp\/v2\/media?parent=4772"}],"curies":[{"name":"wp","href":"https:\/\/api.w.org\/{rel}","templated":true}]}}