{"id":1161,"date":"2023-11-15T14:20:52","date_gmt":"2023-11-15T13:20:52","guid":{"rendered":"http:\/\/nowa.ghg.opole.pl\/?page_id=1161"},"modified":"2024-09-18T11:53:56","modified_gmt":"2024-09-18T09:53:56","slug":"praca","status":"publish","type":"page","link":"https:\/\/ghg.opole.pl\/index.php\/praca\/","title":{"rendered":"Praca"},"content":{"rendered":"<style>.kb-row-layout-id1161_c224a2-68 > .kt-row-column-wrap{align-content:start;}:where(.kb-row-layout-id1161_c224a2-68 > .kt-row-column-wrap) > .wp-block-kadence-column{justify-content:start;}.kb-row-layout-id1161_c224a2-68 > .kt-row-column-wrap{column-gap:var(--global-kb-gap-md, 2rem);row-gap:var(--global-kb-gap-md, 2rem);padding-top:var(--global-kb-spacing-sm, 1.5rem);padding-bottom:var(--global-kb-spacing-sm, 1.5rem);grid-template-columns:minmax(0, 1fr);}.kb-row-layout-id1161_c224a2-68{background-image:url('https:\/\/ghg.opole.pl\/wp-content\/uploads\/2023\/11\/wozek-widlowy11.jpg');background-size:cover;background-position:50% 27%;background-attachment:scroll;background-repeat:no-repeat;}.kb-row-layout-id1161_c224a2-68 > .kt-row-layout-overlay{opacity:0.30;}@media all and (max-width: 1024px){.kb-row-layout-id1161_c224a2-68 > .kt-row-column-wrap{grid-template-columns:minmax(0, 1fr);}}@media all and (max-width: 767px){.kb-row-layout-id1161_c224a2-68 > .kt-row-column-wrap{grid-template-columns:minmax(0, 1fr);}}<\/style><div class=\"kb-row-layout-wrap kb-row-layout-id1161_c224a2-68 alignnone kt-row-has-bg wp-block-kadence-rowlayout\"><div class=\"kt-row-column-wrap kt-has-1-columns kt-row-layout-equal kt-tab-layout-inherit kt-mobile-layout-row kt-row-valign-top\">\n<style>.kadence-column1161_c7feb2-a2 > .kt-inside-inner-col{display:flex;}.kadence-column1161_c7feb2-a2 > .kt-inside-inner-col{min-height:200px;}.kadence-column1161_c7feb2-a2 > .kt-inside-inner-col,.kadence-column1161_c7feb2-a2 > .kt-inside-inner-col:before{border-top-left-radius:0px;border-top-right-radius:0px;border-bottom-right-radius:0px;border-bottom-left-radius:0px;}.kadence-column1161_c7feb2-a2 > .kt-inside-inner-col{column-gap:var(--global-kb-gap-sm, 1rem);}.kadence-column1161_c7feb2-a2 > .kt-inside-inner-col{flex-direction:column;justify-content:center;}.kadence-column1161_c7feb2-a2 > .kt-inside-inner-col > .aligncenter{width:100%;}.kt-row-column-wrap > .kadence-column1161_c7feb2-a2{align-self:center;}.kt-inner-column-height-full:not(.kt-has-1-columns) > .wp-block-kadence-column.kadence-column1161_c7feb2-a2{align-self:auto;}.kt-inner-column-height-full:not(.kt-has-1-columns) > .wp-block-kadence-column.kadence-column1161_c7feb2-a2 > .kt-inside-inner-col{flex-direction:column;justify-content:center;}.kadence-column1161_c7feb2-a2 > .kt-inside-inner-col:before{opacity:0.3;}.kadence-column1161_c7feb2-a2{position:relative;}@media all and (max-width: 1024px){.kt-row-column-wrap > .kadence-column1161_c7feb2-a2{align-self:center;}}@media all and (max-width: 1024px){.kt-inner-column-height-full:not(.kt-has-1-columns) > .wp-block-kadence-column.kadence-column1161_c7feb2-a2{align-self:auto;}}@media all and (max-width: 1024px){.kt-inner-column-height-full:not(.kt-has-1-columns) > .wp-block-kadence-column.kadence-column1161_c7feb2-a2 > .kt-inside-inner-col{flex-direction:column;justify-content:center;}}@media all and (max-width: 1024px){.kadence-column1161_c7feb2-a2 > .kt-inside-inner-col{flex-direction:column;justify-content:center;}}@media all and (max-width: 767px){.kt-row-column-wrap > .kadence-column1161_c7feb2-a2{align-self:center;}.kt-inner-column-height-full:not(.kt-has-1-columns) > .wp-block-kadence-column.kadence-column1161_c7feb2-a2{align-self:auto;}.kt-inner-column-height-full:not(.kt-has-1-columns) > .wp-block-kadence-column.kadence-column1161_c7feb2-a2 > .kt-inside-inner-col{flex-direction:column;justify-content:center;}.kadence-column1161_c7feb2-a2 > .kt-inside-inner-col{flex-direction:column;justify-content:center;}}<\/style>\n<div class=\"wp-block-kadence-column kadence-column1161_c7feb2-a2\"><div class=\"kt-inside-inner-col\"><style>.wp-block-kadence-advancedheading.kt-adv-heading1161_db454a-a6, .wp-block-kadence-advancedheading.kt-adv-heading1161_db454a-a6[data-kb-block=\"kb-adv-heading1161_db454a-a6\"]{text-align:center;font-style:normal;text-transform:uppercase;}.wp-block-kadence-advancedheading.kt-adv-heading1161_db454a-a6 mark.kt-highlight, .wp-block-kadence-advancedheading.kt-adv-heading1161_db454a-a6[data-kb-block=\"kb-adv-heading1161_db454a-a6\"] mark.kt-highlight{font-style:normal;color:#f76a0c;-webkit-box-decoration-break:clone;box-decoration-break:clone;padding-top:0px;padding-right:0px;padding-bottom:0px;padding-left:0px;}.wp-block-kadence-advancedheading.kt-adv-heading1161_db454a-a6 img.kb-inline-image, .wp-block-kadence-advancedheading.kt-adv-heading1161_db454a-a6[data-kb-block=\"kb-adv-heading1161_db454a-a6\"] img.kb-inline-image{width:150px;vertical-align:baseline;}<\/style>\n<h1 class=\"kt-adv-heading1161_db454a-a6 wp-block-kadence-advancedheading has-theme-palette-2-color has-text-color\" data-kb-block=\"kb-adv-heading1161_db454a-a6\">Praca<\/h1>\n<\/div><\/div>\n\n<\/div><\/div>\n\n<style>.kb-row-layout-id1161_ee07ad-c8 > .kt-row-column-wrap{align-content:start;}:where(.kb-row-layout-id1161_ee07ad-c8 > .kt-row-column-wrap) > .wp-block-kadence-column{justify-content:start;}.kb-row-layout-id1161_ee07ad-c8 > .kt-row-column-wrap{column-gap:var(--global-kb-gap-md, 2rem);row-gap:var(--global-kb-gap-md, 2rem);padding-top:5%;padding-right:5%;padding-bottom:5%;padding-left:5%;grid-template-columns:minmax(0, calc(65% - ((var(--global-kb-gap-md, 2rem) * 1 )\/2)))minmax(0, calc(35% - ((var(--global-kb-gap-md, 2rem) * 1 )\/2)));}.kb-row-layout-id1161_ee07ad-c8 > .kt-row-layout-overlay{opacity:0.30;}@media all and (max-width: 1024px){.kb-row-layout-id1161_ee07ad-c8 > .kt-row-column-wrap{grid-template-columns:repeat(2, minmax(0, 1fr));}}@media all and (max-width: 767px){.kb-row-layout-id1161_ee07ad-c8 > .kt-row-column-wrap{grid-template-columns:minmax(0, 1fr);}}<\/style><div class=\"kb-row-layout-wrap kb-row-layout-id1161_ee07ad-c8 alignnone wp-block-kadence-rowlayout\"><div class=\"kt-row-column-wrap kt-has-2-columns kt-row-layout-equal kt-tab-layout-inherit kt-mobile-layout-row kt-row-valign-top\">\n<style>.kadence-column1161_a23197-0b > .kt-inside-inner-col,.kadence-column1161_a23197-0b > .kt-inside-inner-col:before{border-top-left-radius:0px;border-top-right-radius:0px;border-bottom-right-radius:0px;border-bottom-left-radius:0px;}.kadence-column1161_a23197-0b > .kt-inside-inner-col{column-gap:var(--global-kb-gap-sm, 1rem);}.kadence-column1161_a23197-0b > .kt-inside-inner-col{flex-direction:column;}.kadence-column1161_a23197-0b > .kt-inside-inner-col > .aligncenter{width:100%;}.kadence-column1161_a23197-0b > .kt-inside-inner-col:before{opacity:0.3;}.kadence-column1161_a23197-0b{position:relative;}@media all and (max-width: 1024px){.kadence-column1161_a23197-0b > .kt-inside-inner-col{flex-direction:column;justify-content:center;}}@media all and (max-width: 767px){.kadence-column1161_a23197-0b > .kt-inside-inner-col{flex-direction:column;justify-content:center;}}<\/style>\n<div class=\"wp-block-kadence-column kadence-column1161_a23197-0b\" data-aos=\"slide-right\" data-aos-duration=\"800\" data-aos-once=\"true\"><div class=\"kt-inside-inner-col\"><style>.wp-block-kadence-advancedheading.kt-adv-heading1161_1e1597-99, .wp-block-kadence-advancedheading.kt-adv-heading1161_1e1597-99[data-kb-block=\"kb-adv-heading1161_1e1597-99\"]{font-style:normal;}.wp-block-kadence-advancedheading.kt-adv-heading1161_1e1597-99 mark.kt-highlight, .wp-block-kadence-advancedheading.kt-adv-heading1161_1e1597-99[data-kb-block=\"kb-adv-heading1161_1e1597-99\"] mark.kt-highlight{font-style:normal;color:#f76a0c;-webkit-box-decoration-break:clone;box-decoration-break:clone;padding-top:0px;padding-right:0px;padding-bottom:0px;padding-left:0px;}.wp-block-kadence-advancedheading.kt-adv-heading1161_1e1597-99 img.kb-inline-image, .wp-block-kadence-advancedheading.kt-adv-heading1161_1e1597-99[data-kb-block=\"kb-adv-heading1161_1e1597-99\"] img.kb-inline-image{width:150px;vertical-align:baseline;}<\/style>\n<h5 class=\"kt-adv-heading1161_1e1597-99 wp-block-kadence-advancedheading\" data-kb-block=\"kb-adv-heading1161_1e1597-99\"><strong><strong>Firma \u201eGHG Serwis\u201d Us\u0142ug D\u017awigowych, dzia\u0142aj\u0105ca na terenie wojew\u00f3dztwa Opolskiego, aktualnie poszukujemy kandydat\u00f3w na stanowisko \u201eKierownika ds. serwisu urz\u0105dze\u0144 transportu bliskiego\u201d<\/strong><\/strong><\/h5>\n\n\n\n<p><strong>Miejsce pracy : ul. Cementowa 1, Chorula, godz. 7.00 -15.00 od poniedzia\u0142ku do pi\u0105tku<\/strong><\/p>\n\n\n<style>.wp-block-kadence-advancedheading.kt-adv-heading1161_5d6237-fc, .wp-block-kadence-advancedheading.kt-adv-heading1161_5d6237-fc[data-kb-block=\"kb-adv-heading1161_5d6237-fc\"]{font-style:normal;}.wp-block-kadence-advancedheading.kt-adv-heading1161_5d6237-fc mark.kt-highlight, .wp-block-kadence-advancedheading.kt-adv-heading1161_5d6237-fc[data-kb-block=\"kb-adv-heading1161_5d6237-fc\"] mark.kt-highlight{font-style:normal;color:#f76a0c;-webkit-box-decoration-break:clone;box-decoration-break:clone;padding-top:0px;padding-right:0px;padding-bottom:0px;padding-left:0px;}.wp-block-kadence-advancedheading.kt-adv-heading1161_5d6237-fc img.kb-inline-image, .wp-block-kadence-advancedheading.kt-adv-heading1161_5d6237-fc[data-kb-block=\"kb-adv-heading1161_5d6237-fc\"] img.kb-inline-image{width:150px;vertical-align:baseline;}<\/style>\n<p class=\"kt-adv-heading1161_5d6237-fc wp-block-kadence-advancedheading\" data-kb-block=\"kb-adv-heading1161_5d6237-fc\"><strong><strong>Tw\u00f3j zakres obowi\u0105zk\u00f3w<\/strong><\/strong><\/p>\n\n\n\n<ul class=\"wp-block-list\">\n<li>zarz\u0105dzanie, motywacja i rozw\u00f3j podleg\u0142ego mu zespo\u0142u Konserwator\u00f3w<\/li>\n\n\n\n<li>konserwacja, regulacja i naprawa urz\u0105dze\u0144 d\u017awigowych, wykonywanie przegl\u0105d\u00f3w okresowych<\/li>\n\n\n\n<li>kontrola i ocena stanu technicznego urz\u0105dze\u0144 d\u017awigowych<\/li>\n\n\n\n<li>utrzymywanie relacji z Klientami<\/li>\n\n\n\n<li>eliminowanie zagro\u017ce\u0144 i zapewnienie bezpiecze\u0144stwa pracy Konserwatorom oraz u\u017cytkownikom obiekt\u00f3w<\/li>\n\n\n\n<li>planowanie napraw serwisowych, prac konserwacyjnych, wsparcie serwisowe, zaopatrzenie i inne<\/li>\n<\/ul>\n\n\n<style>.wp-block-kadence-spacer.kt-block-spacer-1161_630dc7-9d .kt-block-spacer{height:20px;}.wp-block-kadence-spacer.kt-block-spacer-1161_630dc7-9d .kt-divider{border-top-width:5px;height:1px;border-top-color:#eee;width:90%;border-top-style:solid;}<\/style>\n<div class=\"wp-block-kadence-spacer aligncenter kt-block-spacer-1161_630dc7-9d\"><div class=\"kt-block-spacer kt-block-spacer-halign-center\"><hr class=\"kt-divider\"\/><\/div><\/div>\n\n\n<style>.wp-block-kadence-advancedheading.kt-adv-heading1161_1e184e-34, .wp-block-kadence-advancedheading.kt-adv-heading1161_1e184e-34[data-kb-block=\"kb-adv-heading1161_1e184e-34\"]{font-style:normal;}.wp-block-kadence-advancedheading.kt-adv-heading1161_1e184e-34 mark.kt-highlight, .wp-block-kadence-advancedheading.kt-adv-heading1161_1e184e-34[data-kb-block=\"kb-adv-heading1161_1e184e-34\"] mark.kt-highlight{font-style:normal;color:#f76a0c;-webkit-box-decoration-break:clone;box-decoration-break:clone;padding-top:0px;padding-right:0px;padding-bottom:0px;padding-left:0px;}.wp-block-kadence-advancedheading.kt-adv-heading1161_1e184e-34 img.kb-inline-image, .wp-block-kadence-advancedheading.kt-adv-heading1161_1e184e-34[data-kb-block=\"kb-adv-heading1161_1e184e-34\"] img.kb-inline-image{width:150px;vertical-align:baseline;}<\/style>\n<p class=\"kt-adv-heading1161_1e184e-34 wp-block-kadence-advancedheading\" data-kb-block=\"kb-adv-heading1161_1e184e-34\"><strong><strong>Nasze wymagania<\/strong><\/strong><\/p>\n\n\n\n<ul class=\"wp-block-list\">\n<li>uprawnienia UDT do konserwacji urz\u0105dze\u0144 d\u017awigowych mile widziane, (mo\u017cliwo\u015b\u0107 zdobycia uprawnie\u0144 w toku pracy)<\/li>\n\n\n\n<li>umiej\u0119tno\u015b\u0107 przyswajania wiedzy<\/li>\n\n\n\n<li>do\u015bwiadczenie w zawodzie mile widziane \u2013 samodzielne analizowanie i rozwi\u0105zywanie problem\u00f3w<\/li>\n\n\n\n<li>znajomo\u015b\u0107 oraz umiej\u0119tno\u015b\u0107 obs\u0142ugi i naprawy urz\u0105dze\u0144 d\u017awigowych z r\u00f3\u017cnymi typami sterowa\u0144 uprawnienia SEP do 1kV mile widziane<\/li>\n\n\n\n<li>prawo jazdy kat. B<\/li>\n\n\n\n<li>wykszta\u0142cenie techniczne, mechaniczne, elektryczne lub pokrewne<\/li>\n\n\n\n<li>nienaganna postawa i punktualno\u015b\u0107, komunikatywno\u015b\u0107, umiej\u0119tno\u015bci wsp\u00f3\u0142dzia\u0142ania<\/li>\n\n\n\n<li>sprawno\u015b\u0107 fizyczna, dyspozycyjno\u015b\u0107<\/li>\n<\/ul>\n\n\n<style>.wp-block-kadence-spacer.kt-block-spacer-1161_96ef8a-79 .kt-block-spacer{height:20px;}.wp-block-kadence-spacer.kt-block-spacer-1161_96ef8a-79 .kt-divider{border-top-width:5px;height:1px;border-top-color:#eee;width:90%;border-top-style:solid;}<\/style>\n<div class=\"wp-block-kadence-spacer aligncenter kt-block-spacer-1161_96ef8a-79\"><div class=\"kt-block-spacer kt-block-spacer-halign-center\"><hr class=\"kt-divider\"\/><\/div><\/div>\n\n\n\n<p><strong>Oferujemy<\/strong><\/p>\n\n\n\n<ul class=\"wp-block-list\">\n<li>zatrudnienie na stanowisku: Kierownika ds. serwisu urz\u0105dze\u0144 transportu bliskiego<\/li>\n\n\n\n<li>sta\u0142e wynagrodzenie miesi\u0119czne (w zale\u017cno\u015bci od umiej\u0119tno\u015bci, zaanga\u017cowania, skuteczno\u015bci oraz zakresu uprawnie\u0144)<\/li>\n\n\n\n<li>dodatkowe wynagrodzenie za dy\u017cury w dni wolne od pracy i \u015bwi\u0119ta<\/li>\n\n\n\n<li>niezb\u0119dne narz\u0119dzia pracy w tym telefon, samoch\u00f3d, odzie\u017c robocza (lub ekwiwalent za odzie\u017c robocz\u0105)<\/li>\n\n\n\n<li>pe\u0142ne ubezpieczenie oraz badania lekarskie<\/li>\n\n\n\n<li>zaplecze techniczno-socjalne<\/li>\n\n\n\n<li>szkolenia w zakresie obs\u0142ugi urz\u0105dze\u0144<\/li>\n<\/ul>\n\n\n<style>.wp-block-kadence-spacer.kt-block-spacer-1161_a957f3-4f .kt-block-spacer{height:20px;}.wp-block-kadence-spacer.kt-block-spacer-1161_a957f3-4f .kt-divider{border-top-width:5px;height:1px;border-top-color:#eee;width:90%;border-top-style:solid;}<\/style>\n<div class=\"wp-block-kadence-spacer aligncenter kt-block-spacer-1161_a957f3-4f\"><div class=\"kt-block-spacer kt-block-spacer-halign-center\"><hr class=\"kt-divider\"\/><\/div><\/div>\n\n\n\n<p><strong><strong>Benefity<\/strong><\/strong><\/p>\n\n\n\n<ul class=\"wp-block-list\">\n<li>s\u0142u\u017cbowy samoch\u00f3d, telefon<\/li>\n\n\n\n<li>mo\u017cliwo\u015b\u0107 uzyskania uprawnie\u0144<\/li>\n\n\n\n<li>dodatkowe ubezpieczenie na \u017cycie<\/li>\n<\/ul>\n\n\n\n<p><strong><strong>Zainteresowane osoby, prosimy o przys\u0142anie CV na e-mail : biuro@ghg.opole.pl b\u0105d\u017a kontakt telefoniczny pod numerem tel: 664 923&nbsp;913 z Panem Andrzejem O\u015bcik w godzinach 7.00 -15.00 od poniedzia\u0142ku do pi\u0105tku.<\/strong><\/strong><\/p>\n\n\n\n<p class=\"has-small-font-size\">Prosimy o zawarcie w CV klauzuli: Wyra\u017cam zgod\u0119 na przetwarzanie danych osobowych zawartych w niniejszym dokumencie do realizacji procesu rekrutacji zgodnie z ustaw\u0105 z dnia 10 maja 2018 roku o ochronie danych osobowych (Dz. Ustaw z 2018, poz. 1000) oraz zgodnie z Rozporz\u0105dzeniem Parlamentu Europejskiego i Rady (UE) 2016\/679 z dnia 27 kwietnia 2016 r. w sprawie ochrony os\u00f3b fizycznych w zwi\u0105zku z przetwarzaniem danych osobowych i w sprawie swobodnego przep\u0142ywu takich danych oraz uchylenia dyrektywy 95\/46\/WE (RODO).<\/p>\n<\/div><\/div>\n\n\n<style>.kadence-column1161_649279-7a > .kt-inside-inner-col,.kadence-column1161_649279-7a > .kt-inside-inner-col:before{border-top-left-radius:0px;border-top-right-radius:0px;border-bottom-right-radius:0px;border-bottom-left-radius:0px;}.kadence-column1161_649279-7a > .kt-inside-inner-col{column-gap:var(--global-kb-gap-sm, 1rem);}.kadence-column1161_649279-7a > .kt-inside-inner-col{flex-direction:column;}.kadence-column1161_649279-7a > .kt-inside-inner-col > .aligncenter{width:100%;}.kadence-column1161_649279-7a > .kt-inside-inner-col:before{opacity:0.3;}.kadence-column1161_649279-7a{position:relative;}@media all and (max-width: 1024px){.kadence-column1161_649279-7a > .kt-inside-inner-col{flex-direction:column;justify-content:center;}}@media all and (max-width: 767px){.kadence-column1161_649279-7a > .kt-inside-inner-col{flex-direction:column;justify-content:center;}}<\/style>\n<div class=\"wp-block-kadence-column kadence-column1161_649279-7a\" data-aos=\"slide-left\" data-aos-duration=\"800\" data-aos-delay=\"200\" data-aos-once=\"true\"><div class=\"kt-inside-inner-col\"><style>.kb-image1161_18cf06-07.kb-image-is-ratio-size, .kb-image1161_18cf06-07 .kb-image-is-ratio-size{max-width:369px;width:100%;}.wp-block-kadence-column > .kt-inside-inner-col > .kb-image1161_18cf06-07.kb-image-is-ratio-size, .wp-block-kadence-column > .kt-inside-inner-col > .kb-image1161_18cf06-07 .kb-image-is-ratio-size{align-self:unset;}.kb-image1161_18cf06-07{max-width:369px;}.image-is-svg.kb-image1161_18cf06-07{-webkit-flex:0 1 100%;flex:0 1 100%;}.image-is-svg.kb-image1161_18cf06-07 img{width:100%;}.kb-image1161_18cf06-07 .kb-image-has-overlay:after{opacity:0.3;}<\/style>\n<figure class=\"wp-block-kadence-image kb-image1161_18cf06-07 size-full\"><img loading=\"lazy\" decoding=\"async\" width=\"870\" height=\"1023\" src=\"https:\/\/ghg.opole.pl\/wp-content\/uploads\/2023\/11\/cv-5973796_1280.jpg\" alt=\"\" class=\"kb-img wp-image-1505\" srcset=\"https:\/\/ghg.opole.pl\/wp-content\/uploads\/2023\/11\/cv-5973796_1280.jpg 870w, https:\/\/ghg.opole.pl\/wp-content\/uploads\/2023\/11\/cv-5973796_1280-255x300.jpg 255w, https:\/\/ghg.opole.pl\/wp-content\/uploads\/2023\/11\/cv-5973796_1280-768x903.jpg 768w\" sizes=\"auto, (max-width: 870px) 100vw, 870px\" \/><\/figure>\n<\/div><\/div>\n\n<\/div><\/div>","protected":false},"excerpt":{"rendered":"<p>Praca Firma \u201eGHG Serwis\u201d Us\u0142ug D\u017awigowych, dzia\u0142aj\u0105ca na terenie wojew\u00f3dztwa Opolskiego, aktualnie poszukujemy kandydat\u00f3w na stanowisko \u201eKierownika ds. serwisu urz\u0105dze\u0144 transportu bliskiego\u201d Miejsce pracy : ul. Cementowa 1, Chorula, godz&#8230;.<\/p>\n","protected":false},"author":1,"featured_media":0,"parent":0,"menu_order":0,"comment_status":"closed","ping_status":"closed","template":"","meta":{"_kad_blocks_custom_css":"","_kad_blocks_head_custom_js":"","_kad_blocks_body_custom_js":"","_kad_blocks_footer_custom_js":"","_EventAllDay":false,"_EventTimezone":"","_EventStartDate":"","_EventEndDate":"","_EventStartDateUTC":"","_EventEndDateUTC":"","_EventShowMap":false,"_EventShowMapLink":false,"_EventURL":"","_EventCost":"","_EventCostDescription":"","_EventCurrencySymbol":"","_EventCurrencyCode":"","_EventCurrencyPosition":"","_EventDateTimeSeparator":"","_EventTimeRangeSeparator":"","_EventOrganizerID":[],"_EventVenueID":[],"_OrganizerEmail":"","_OrganizerPhone":"","_OrganizerWebsite":"","_VenueAddress":"","_VenueCity":"","_VenueCountry":"","_VenueProvince":"","_VenueState":"","_VenueZip":"","_VenuePhone":"","_VenueURL":"","_VenueStateProvince":"","_VenueLat":"","_VenueLng":"","_VenueShowMap":false,"_VenueShowMapLink":false,"_kadence_starter_templates_imported_post":false,"_kad_post_transparent":"","_kad_post_title":"hide","_kad_post_layout":"fullwidth","_kad_post_sidebar_id":"","_kad_post_content_style":"unboxed","_kad_post_vertical_padding":"","_kad_post_feature":"","_kad_post_feature_position":"","_kad_post_header":false,"_kad_post_footer":false,"_kad_post_classname":"","footnotes":""},"class_list":["post-1161","page","type-page","status-publish","hentry"],"taxonomy_info":[],"featured_image_src_large":false,"author_info":{"display_name":"serwis","author_link":"https:\/\/ghg.opole.pl\/index.php\/author\/mkf\/"},"comment_info":0,"_links":{"self":[{"href":"https:\/\/ghg.opole.pl\/index.php\/wp-json\/wp\/v2\/pages\/1161","targetHints":{"allow":["GET"]}}],"collection":[{"href":"https:\/\/ghg.opole.pl\/index.php\/wp-json\/wp\/v2\/pages"}],"about":[{"href":"https:\/\/ghg.opole.pl\/index.php\/wp-json\/wp\/v2\/types\/page"}],"author":[{"embeddable":true,"href":"https:\/\/ghg.opole.pl\/index.php\/wp-json\/wp\/v2\/users\/1"}],"replies":[{"embeddable":true,"href":"https:\/\/ghg.opole.pl\/index.php\/wp-json\/wp\/v2\/comments?post=1161"}],"version-history":[{"count":15,"href":"https:\/\/ghg.opole.pl\/index.php\/wp-json\/wp\/v2\/pages\/1161\/revisions"}],"predecessor-version":[{"id":4907,"href":"https:\/\/ghg.opole.pl\/index.php\/wp-json\/wp\/v2\/pages\/1161\/revisions\/4907"}],"wp:attachment":[{"href":"https:\/\/ghg.opole.pl\/index.php\/wp-json\/wp\/v2\/media?parent=1161"}],"curies":[{"name":"wp","href":"https:\/\/api.w.org\/{rel}","templated":true}]}}