{"id":1141,"date":"2023-11-10T09:43:44","date_gmt":"2023-11-10T08:43:44","guid":{"rendered":"http:\/\/nowa.ghg.opole.pl\/?page_id=1141"},"modified":"2024-05-14T14:02:57","modified_gmt":"2024-05-14T12:02:57","slug":"zakuwanie-wezy-hydraulicznych","status":"publish","type":"page","link":"https:\/\/ghg.opole.pl\/index.php\/oferta\/zakuwanie-wezy-hydraulicznych\/","title":{"rendered":"Zakuwanie w\u0119\u017cy hydraulicznych"},"content":{"rendered":"<style>.kb-row-layout-id1141_3707c7-44 > .kt-row-column-wrap{align-content:start;}:where(.kb-row-layout-id1141_3707c7-44 > .kt-row-column-wrap) > .wp-block-kadence-column{justify-content:start;}.kb-row-layout-id1141_3707c7-44 > .kt-row-column-wrap{column-gap:var(--global-kb-gap-md, 2rem);row-gap:var(--global-kb-gap-md, 2rem);padding-top:var(--global-kb-spacing-sm, 1.5rem);padding-bottom:var(--global-kb-spacing-sm, 1.5rem);grid-template-columns:minmax(0, 1fr);}.kb-row-layout-id1141_3707c7-44{background-image:url('https:\/\/ghg.opole.pl\/wp-content\/uploads\/2023\/11\/wozek-widlowy11.jpg');background-size:cover;background-position:50% 27%;background-attachment:scroll;background-repeat:no-repeat;}.kb-row-layout-id1141_3707c7-44 > .kt-row-layout-overlay{opacity:0.30;}@media all and (max-width: 1024px){.kb-row-layout-id1141_3707c7-44 > .kt-row-column-wrap{grid-template-columns:minmax(0, 1fr);}}@media all and (max-width: 767px){.kb-row-layout-id1141_3707c7-44 > .kt-row-column-wrap{grid-template-columns:minmax(0, 1fr);}}<\/style><div class=\"kb-row-layout-wrap kb-row-layout-id1141_3707c7-44 alignnone kt-row-has-bg wp-block-kadence-rowlayout\"><div class=\"kt-row-column-wrap kt-has-1-columns kt-row-layout-equal kt-tab-layout-inherit kt-mobile-layout-row kt-row-valign-top\">\n<style>.kadence-column1141_250e8f-0e > .kt-inside-inner-col{display:flex;}.kadence-column1141_250e8f-0e > .kt-inside-inner-col{min-height:200px;}.kadence-column1141_250e8f-0e > .kt-inside-inner-col,.kadence-column1141_250e8f-0e > .kt-inside-inner-col:before{border-top-left-radius:0px;border-top-right-radius:0px;border-bottom-right-radius:0px;border-bottom-left-radius:0px;}.kadence-column1141_250e8f-0e > .kt-inside-inner-col{column-gap:var(--global-kb-gap-sm, 1rem);}.kadence-column1141_250e8f-0e > .kt-inside-inner-col{flex-direction:column;justify-content:center;}.kadence-column1141_250e8f-0e > .kt-inside-inner-col > .aligncenter{width:100%;}.kt-row-column-wrap > .kadence-column1141_250e8f-0e{align-self:center;}.kt-inner-column-height-full:not(.kt-has-1-columns) > .wp-block-kadence-column.kadence-column1141_250e8f-0e{align-self:auto;}.kt-inner-column-height-full:not(.kt-has-1-columns) > .wp-block-kadence-column.kadence-column1141_250e8f-0e > .kt-inside-inner-col{flex-direction:column;justify-content:center;}.kadence-column1141_250e8f-0e > .kt-inside-inner-col:before{opacity:0.3;}.kadence-column1141_250e8f-0e{position:relative;}@media all and (max-width: 1024px){.kt-row-column-wrap > .kadence-column1141_250e8f-0e{align-self:center;}}@media all and (max-width: 1024px){.kt-inner-column-height-full:not(.kt-has-1-columns) > .wp-block-kadence-column.kadence-column1141_250e8f-0e{align-self:auto;}}@media all and (max-width: 1024px){.kt-inner-column-height-full:not(.kt-has-1-columns) > .wp-block-kadence-column.kadence-column1141_250e8f-0e > .kt-inside-inner-col{flex-direction:column;justify-content:center;}}@media all and (max-width: 1024px){.kadence-column1141_250e8f-0e > .kt-inside-inner-col{flex-direction:column;justify-content:center;}}@media all and (max-width: 767px){.kt-row-column-wrap > .kadence-column1141_250e8f-0e{align-self:center;}.kt-inner-column-height-full:not(.kt-has-1-columns) > .wp-block-kadence-column.kadence-column1141_250e8f-0e{align-self:auto;}.kt-inner-column-height-full:not(.kt-has-1-columns) > .wp-block-kadence-column.kadence-column1141_250e8f-0e > .kt-inside-inner-col{flex-direction:column;justify-content:center;}.kadence-column1141_250e8f-0e > .kt-inside-inner-col{flex-direction:column;justify-content:center;}}<\/style>\n<div class=\"wp-block-kadence-column kadence-column1141_250e8f-0e\"><div class=\"kt-inside-inner-col\"><style>.wp-block-kadence-advancedheading.kt-adv-heading1141_66eed3-09, .wp-block-kadence-advancedheading.kt-adv-heading1141_66eed3-09[data-kb-block=\"kb-adv-heading1141_66eed3-09\"]{text-align:center;font-style:normal;text-transform:uppercase;}.wp-block-kadence-advancedheading.kt-adv-heading1141_66eed3-09 mark.kt-highlight, .wp-block-kadence-advancedheading.kt-adv-heading1141_66eed3-09[data-kb-block=\"kb-adv-heading1141_66eed3-09\"] mark.kt-highlight{font-style:normal;color:#f76a0c;-webkit-box-decoration-break:clone;box-decoration-break:clone;padding-top:0px;padding-right:0px;padding-bottom:0px;padding-left:0px;}.wp-block-kadence-advancedheading.kt-adv-heading1141_66eed3-09 img.kb-inline-image, .wp-block-kadence-advancedheading.kt-adv-heading1141_66eed3-09[data-kb-block=\"kb-adv-heading1141_66eed3-09\"] img.kb-inline-image{width:150px;vertical-align:baseline;}<\/style>\n<h1 class=\"kt-adv-heading1141_66eed3-09 wp-block-kadence-advancedheading has-theme-palette-2-color has-text-color\" data-kb-block=\"kb-adv-heading1141_66eed3-09\">Zakuwanie w\u0119\u017cy hydraulicznych<\/h1>\n<\/div><\/div>\n\n<\/div><\/div>\n\n<style>.kb-row-layout-id1141_9456a1-65 > .kt-row-column-wrap{align-content:start;}:where(.kb-row-layout-id1141_9456a1-65 > .kt-row-column-wrap) > .wp-block-kadence-column{justify-content:start;}.kb-row-layout-id1141_9456a1-65 > .kt-row-column-wrap{column-gap:var(--global-kb-gap-md, 2rem);row-gap:var(--global-kb-gap-md, 2rem);padding-top:5%;padding-right:5%;padding-bottom:5%;padding-left:5%;grid-template-columns:minmax(0, 1fr);}.kb-row-layout-id1141_9456a1-65 > .kt-row-layout-overlay{opacity:0.30;}@media all and (max-width: 1024px){.kb-row-layout-id1141_9456a1-65 > .kt-row-column-wrap{grid-template-columns:minmax(0, 1fr);}}@media all and (max-width: 767px){.kb-row-layout-id1141_9456a1-65 > .kt-row-column-wrap{grid-template-columns:minmax(0, 1fr);}}<\/style><div class=\"kb-row-layout-wrap kb-row-layout-id1141_9456a1-65 alignnone wp-block-kadence-rowlayout\"><div class=\"kt-row-column-wrap kt-has-1-columns kt-row-layout-equal kt-tab-layout-inherit kt-mobile-layout-row kt-row-valign-top\">\n<style>.kadence-column1141_719ca5-1e > .kt-inside-inner-col,.kadence-column1141_719ca5-1e > .kt-inside-inner-col:before{border-top-left-radius:0px;border-top-right-radius:0px;border-bottom-right-radius:0px;border-bottom-left-radius:0px;}.kadence-column1141_719ca5-1e > .kt-inside-inner-col{column-gap:var(--global-kb-gap-sm, 1rem);}.kadence-column1141_719ca5-1e > .kt-inside-inner-col{flex-direction:column;}.kadence-column1141_719ca5-1e > .kt-inside-inner-col > .aligncenter{width:100%;}.kadence-column1141_719ca5-1e > .kt-inside-inner-col:before{opacity:0.3;}.kadence-column1141_719ca5-1e{position:relative;}@media all and (max-width: 1024px){.kadence-column1141_719ca5-1e > .kt-inside-inner-col{flex-direction:column;justify-content:center;}}@media all and (max-width: 767px){.kadence-column1141_719ca5-1e > .kt-inside-inner-col{flex-direction:column;justify-content:center;}}<\/style>\n<div class=\"wp-block-kadence-column kadence-column1141_719ca5-1e\"><div class=\"kt-inside-inner-col\">\n<p>Zakuwanie w\u0119\u017cy hydraulicznych, okre\u015blane r\u00f3wnie\u017c jako okuwanie przewod\u00f3w, ma zapewni\u0107 efektywne i trwa\u0142e po\u0142\u0105czenie w\u0119\u017ca z jego ko\u0144c\u00f3wk\u0105 przy\u0142\u0105czeniow\u0105. U\u017cywaj\u0105c tulejki zaciskowej&nbsp; (oprawki w\u0119\u017ca) uzyskujemy trwa\u0142e po\u0142\u0105czenie zakutego przewodu ze \u017ar\u00f3d\u0142em ci\u015bnienia, dzi\u0119ki maszynie zwanej zakuwark\u0105.<\/p>\n\n\n\n<p>Takie wykonanie procesu zapewnia skuteczne po\u0142\u0105czenie przewodu oraz uniemo\u017cliwia wysuni\u0119cie si\u0119 ko\u0144c\u00f3wki w\u0119\u017ca. Bardzo wa\u017cnym aspektem podczas wykonania zakuwania jest jego jako\u015b\u0107, dlatego Nasza firma posiadaj\u0105c przeszkolone osoby, wykona us\u0142ug\u0119 na najwy\u017cszym poziomie.<\/p>\n<\/div><\/div>\n\n<\/div><\/div>","protected":false},"excerpt":{"rendered":"<p>Zakuwanie w\u0119\u017cy hydraulicznych Zakuwanie w\u0119\u017cy hydraulicznych, okre\u015blane r\u00f3wnie\u017c jako okuwanie przewod\u00f3w, ma zapewni\u0107 efektywne i trwa\u0142e po\u0142\u0105czenie w\u0119\u017ca z jego ko\u0144c\u00f3wk\u0105 przy\u0142\u0105czeniow\u0105. U\u017cywaj\u0105c tulejki zaciskowej&nbsp; (oprawki w\u0119\u017ca) uzyskujemy trwa\u0142e po\u0142\u0105czenie&#8230;<\/p>\n","protected":false},"author":1,"featured_media":0,"parent":1127,"menu_order":6,"comment_status":"closed","ping_status":"closed","template":"","meta":{"_kad_blocks_custom_css":"","_kad_blocks_head_custom_js":"","_kad_blocks_body_custom_js":"","_kad_blocks_footer_custom_js":"","_EventAllDay":false,"_EventTimezone":"","_EventStartDate":"","_EventEndDate":"","_EventStartDateUTC":"","_EventEndDateUTC":"","_EventShowMap":false,"_EventShowMapLink":false,"_EventURL":"","_EventCost":"","_EventCostDescription":"","_EventCurrencySymbol":"","_EventCurrencyCode":"","_EventCurrencyPosition":"","_EventDateTimeSeparator":"","_EventTimeRangeSeparator":"","_EventOrganizerID":[],"_EventVenueID":[],"_OrganizerEmail":"","_OrganizerPhone":"","_OrganizerWebsite":"","_VenueAddress":"","_VenueCity":"","_VenueCountry":"","_VenueProvince":"","_VenueState":"","_VenueZip":"","_VenuePhone":"","_VenueURL":"","_VenueStateProvince":"","_VenueLat":"","_VenueLng":"","_VenueShowMap":false,"_VenueShowMapLink":false,"_kadence_starter_templates_imported_post":false,"_kad_post_transparent":"","_kad_post_title":"hide","_kad_post_layout":"fullwidth","_kad_post_sidebar_id":"","_kad_post_content_style":"unboxed","_kad_post_vertical_padding":"","_kad_post_feature":"","_kad_post_feature_position":"","_kad_post_header":false,"_kad_post_footer":false,"_kad_post_classname":"","footnotes":""},"class_list":["post-1141","page","type-page","status-publish","hentry"],"taxonomy_info":[],"featured_image_src_large":false,"author_info":{"display_name":"serwis","author_link":"https:\/\/ghg.opole.pl\/index.php\/author\/mkf\/"},"comment_info":0,"_links":{"self":[{"href":"https:\/\/ghg.opole.pl\/index.php\/wp-json\/wp\/v2\/pages\/1141","targetHints":{"allow":["GET"]}}],"collection":[{"href":"https:\/\/ghg.opole.pl\/index.php\/wp-json\/wp\/v2\/pages"}],"about":[{"href":"https:\/\/ghg.opole.pl\/index.php\/wp-json\/wp\/v2\/types\/page"}],"author":[{"embeddable":true,"href":"https:\/\/ghg.opole.pl\/index.php\/wp-json\/wp\/v2\/users\/1"}],"replies":[{"embeddable":true,"href":"https:\/\/ghg.opole.pl\/index.php\/wp-json\/wp\/v2\/comments?post=1141"}],"version-history":[{"count":5,"href":"https:\/\/ghg.opole.pl\/index.php\/wp-json\/wp\/v2\/pages\/1141\/revisions"}],"predecessor-version":[{"id":4882,"href":"https:\/\/ghg.opole.pl\/index.php\/wp-json\/wp\/v2\/pages\/1141\/revisions\/4882"}],"up":[{"embeddable":true,"href":"https:\/\/ghg.opole.pl\/index.php\/wp-json\/wp\/v2\/pages\/1127"}],"wp:attachment":[{"href":"https:\/\/ghg.opole.pl\/index.php\/wp-json\/wp\/v2\/media?parent=1141"}],"curies":[{"name":"wp","href":"https:\/\/api.w.org\/{rel}","templated":true}]}}