{"id":1139,"date":"2023-11-10T09:43:20","date_gmt":"2023-11-10T08:43:20","guid":{"rendered":"http:\/\/nowa.ghg.opole.pl\/?page_id=1139"},"modified":"2023-11-24T08:02:49","modified_gmt":"2023-11-24T07:02:49","slug":"hydraulika-silowa","status":"publish","type":"page","link":"https:\/\/ghg.opole.pl\/index.php\/oferta\/hydraulika-silowa\/","title":{"rendered":"Hydraulika si\u0142owa"},"content":{"rendered":"<style>.kb-row-layout-id1139_bbb677-8d > .kt-row-column-wrap{align-content:start;}:where(.kb-row-layout-id1139_bbb677-8d > .kt-row-column-wrap) > .wp-block-kadence-column{justify-content:start;}.kb-row-layout-id1139_bbb677-8d > .kt-row-column-wrap{column-gap:var(--global-kb-gap-md, 2rem);row-gap:var(--global-kb-gap-md, 2rem);padding-top:var(--global-kb-spacing-sm, 1.5rem);padding-bottom:var(--global-kb-spacing-sm, 1.5rem);grid-template-columns:minmax(0, 1fr);}.kb-row-layout-id1139_bbb677-8d{background-image:url('https:\/\/ghg.opole.pl\/wp-content\/uploads\/2023\/11\/wozek-widlowy11.jpg');background-size:cover;background-position:50% 27%;background-attachment:scroll;background-repeat:no-repeat;}.kb-row-layout-id1139_bbb677-8d > .kt-row-layout-overlay{opacity:0.30;}@media all and (max-width: 1024px){.kb-row-layout-id1139_bbb677-8d > .kt-row-column-wrap{grid-template-columns:minmax(0, 1fr);}}@media all and (max-width: 767px){.kb-row-layout-id1139_bbb677-8d > .kt-row-column-wrap{grid-template-columns:minmax(0, 1fr);}}<\/style><div class=\"kb-row-layout-wrap kb-row-layout-id1139_bbb677-8d alignnone kt-row-has-bg wp-block-kadence-rowlayout\"><div class=\"kt-row-column-wrap kt-has-1-columns kt-row-layout-equal kt-tab-layout-inherit kt-mobile-layout-row kt-row-valign-top\">\n<style>.kadence-column1139_7e538b-26 > .kt-inside-inner-col{display:flex;}.kadence-column1139_7e538b-26 > .kt-inside-inner-col{min-height:200px;}.kadence-column1139_7e538b-26 > .kt-inside-inner-col,.kadence-column1139_7e538b-26 > .kt-inside-inner-col:before{border-top-left-radius:0px;border-top-right-radius:0px;border-bottom-right-radius:0px;border-bottom-left-radius:0px;}.kadence-column1139_7e538b-26 > .kt-inside-inner-col{column-gap:var(--global-kb-gap-sm, 1rem);}.kadence-column1139_7e538b-26 > .kt-inside-inner-col{flex-direction:column;justify-content:center;}.kadence-column1139_7e538b-26 > .kt-inside-inner-col > .aligncenter{width:100%;}.kt-row-column-wrap > .kadence-column1139_7e538b-26{align-self:center;}.kt-inner-column-height-full:not(.kt-has-1-columns) > .wp-block-kadence-column.kadence-column1139_7e538b-26{align-self:auto;}.kt-inner-column-height-full:not(.kt-has-1-columns) > .wp-block-kadence-column.kadence-column1139_7e538b-26 > .kt-inside-inner-col{flex-direction:column;justify-content:center;}.kadence-column1139_7e538b-26 > .kt-inside-inner-col:before{opacity:0.3;}.kadence-column1139_7e538b-26{position:relative;}@media all and (max-width: 1024px){.kt-row-column-wrap > .kadence-column1139_7e538b-26{align-self:center;}}@media all and (max-width: 1024px){.kt-inner-column-height-full:not(.kt-has-1-columns) > .wp-block-kadence-column.kadence-column1139_7e538b-26{align-self:auto;}}@media all and (max-width: 1024px){.kt-inner-column-height-full:not(.kt-has-1-columns) > .wp-block-kadence-column.kadence-column1139_7e538b-26 > .kt-inside-inner-col{flex-direction:column;justify-content:center;}}@media all and (max-width: 1024px){.kadence-column1139_7e538b-26 > .kt-inside-inner-col{flex-direction:column;justify-content:center;}}@media all and (max-width: 767px){.kt-row-column-wrap > .kadence-column1139_7e538b-26{align-self:center;}.kt-inner-column-height-full:not(.kt-has-1-columns) > .wp-block-kadence-column.kadence-column1139_7e538b-26{align-self:auto;}.kt-inner-column-height-full:not(.kt-has-1-columns) > .wp-block-kadence-column.kadence-column1139_7e538b-26 > .kt-inside-inner-col{flex-direction:column;justify-content:center;}.kadence-column1139_7e538b-26 > .kt-inside-inner-col{flex-direction:column;justify-content:center;}}<\/style>\n<div class=\"wp-block-kadence-column kadence-column1139_7e538b-26\"><div class=\"kt-inside-inner-col\"><style>.wp-block-kadence-advancedheading.kt-adv-heading1139_e753cb-f7, .wp-block-kadence-advancedheading.kt-adv-heading1139_e753cb-f7[data-kb-block=\"kb-adv-heading1139_e753cb-f7\"]{text-align:center;font-style:normal;text-transform:uppercase;}.wp-block-kadence-advancedheading.kt-adv-heading1139_e753cb-f7 mark.kt-highlight, .wp-block-kadence-advancedheading.kt-adv-heading1139_e753cb-f7[data-kb-block=\"kb-adv-heading1139_e753cb-f7\"] mark.kt-highlight{font-style:normal;color:#f76a0c;-webkit-box-decoration-break:clone;box-decoration-break:clone;padding-top:0px;padding-right:0px;padding-bottom:0px;padding-left:0px;}.wp-block-kadence-advancedheading.kt-adv-heading1139_e753cb-f7 img.kb-inline-image, .wp-block-kadence-advancedheading.kt-adv-heading1139_e753cb-f7[data-kb-block=\"kb-adv-heading1139_e753cb-f7\"] img.kb-inline-image{width:150px;vertical-align:baseline;}<\/style>\n<h1 class=\"kt-adv-heading1139_e753cb-f7 wp-block-kadence-advancedheading has-theme-palette-2-color has-text-color\" data-kb-block=\"kb-adv-heading1139_e753cb-f7\">Hydraulika si\u0142owa<\/h1>\n<\/div><\/div>\n\n<\/div><\/div>\n\n<style>.kb-row-layout-id1139_6db0ac-be > .kt-row-column-wrap{align-content:start;}:where(.kb-row-layout-id1139_6db0ac-be > .kt-row-column-wrap) > .wp-block-kadence-column{justify-content:start;}.kb-row-layout-id1139_6db0ac-be > .kt-row-column-wrap{column-gap:var(--global-kb-gap-md, 2rem);row-gap:var(--global-kb-gap-md, 2rem);padding-top:5%;padding-right:5%;padding-bottom:5%;padding-left:5%;grid-template-columns:minmax(0, 1fr);}.kb-row-layout-id1139_6db0ac-be > .kt-row-layout-overlay{opacity:0.30;}@media all and (max-width: 1024px){.kb-row-layout-id1139_6db0ac-be > .kt-row-column-wrap{grid-template-columns:minmax(0, 1fr);}}@media all and (max-width: 767px){.kb-row-layout-id1139_6db0ac-be > .kt-row-column-wrap{grid-template-columns:minmax(0, 1fr);}}<\/style><div class=\"kb-row-layout-wrap kb-row-layout-id1139_6db0ac-be alignnone wp-block-kadence-rowlayout\"><div class=\"kt-row-column-wrap kt-has-1-columns kt-row-layout-equal kt-tab-layout-inherit kt-mobile-layout-row kt-row-valign-top\">\n<style>.kadence-column1139_d2431d-16 > .kt-inside-inner-col,.kadence-column1139_d2431d-16 > .kt-inside-inner-col:before{border-top-left-radius:0px;border-top-right-radius:0px;border-bottom-right-radius:0px;border-bottom-left-radius:0px;}.kadence-column1139_d2431d-16 > .kt-inside-inner-col{column-gap:var(--global-kb-gap-sm, 1rem);}.kadence-column1139_d2431d-16 > .kt-inside-inner-col{flex-direction:column;}.kadence-column1139_d2431d-16 > .kt-inside-inner-col > .aligncenter{width:100%;}.kadence-column1139_d2431d-16 > .kt-inside-inner-col:before{opacity:0.3;}.kadence-column1139_d2431d-16{position:relative;}@media all and (max-width: 1024px){.kadence-column1139_d2431d-16 > .kt-inside-inner-col{flex-direction:column;justify-content:center;}}@media all and (max-width: 767px){.kadence-column1139_d2431d-16 > .kt-inside-inner-col{flex-direction:column;justify-content:center;}}<\/style>\n<div class=\"wp-block-kadence-column kadence-column1139_d2431d-16\" data-aos=\"slide-right\" data-aos-duration=\"800\" data-aos-once=\"true\"><div class=\"kt-inside-inner-col\"><style>.wp-block-kadence-advancedheading.kt-adv-heading1139_41e1b1-ca, .wp-block-kadence-advancedheading.kt-adv-heading1139_41e1b1-ca[data-kb-block=\"kb-adv-heading1139_41e1b1-ca\"]{font-style:normal;}.wp-block-kadence-advancedheading.kt-adv-heading1139_41e1b1-ca mark.kt-highlight, .wp-block-kadence-advancedheading.kt-adv-heading1139_41e1b1-ca[data-kb-block=\"kb-adv-heading1139_41e1b1-ca\"] mark.kt-highlight{font-style:normal;color:#f76a0c;-webkit-box-decoration-break:clone;box-decoration-break:clone;padding-top:0px;padding-right:0px;padding-bottom:0px;padding-left:0px;}.wp-block-kadence-advancedheading.kt-adv-heading1139_41e1b1-ca img.kb-inline-image, .wp-block-kadence-advancedheading.kt-adv-heading1139_41e1b1-ca[data-kb-block=\"kb-adv-heading1139_41e1b1-ca\"] img.kb-inline-image{width:150px;vertical-align:baseline;}<\/style>\n<h5 class=\"kt-adv-heading1139_41e1b1-ca wp-block-kadence-advancedheading\" data-kb-block=\"kb-adv-heading1139_41e1b1-ca\">W naszej ofercie znajduj\u0105 si\u0119 kompleksowe us\u0142ugi z zakresu hydrauliki si\u0142owej jak dostawa komponent\u00f3w, po monta\u017c i serwis.<\/h5>\n<\/div><\/div>\n\n\n<style>.kadence-column1139_9d3592-e1 > .kt-inside-inner-col,.kadence-column1139_9d3592-e1 > .kt-inside-inner-col:before{border-top-left-radius:0px;border-top-right-radius:0px;border-bottom-right-radius:0px;border-bottom-left-radius:0px;}.kadence-column1139_9d3592-e1 > .kt-inside-inner-col{column-gap:var(--global-kb-gap-sm, 1rem);}.kadence-column1139_9d3592-e1 > .kt-inside-inner-col{flex-direction:column;}.kadence-column1139_9d3592-e1 > .kt-inside-inner-col > .aligncenter{width:100%;}.kadence-column1139_9d3592-e1 > .kt-inside-inner-col:before{opacity:0.3;}.kadence-column1139_9d3592-e1{position:relative;}@media all and (max-width: 1024px){.kadence-column1139_9d3592-e1 > .kt-inside-inner-col{flex-direction:column;justify-content:center;}}@media all and (max-width: 767px){.kadence-column1139_9d3592-e1 > .kt-inside-inner-col{flex-direction:column;justify-content:center;}}<\/style>\n<div class=\"wp-block-kadence-column kadence-column1139_9d3592-e1\" data-aos=\"slide-right\" data-aos-duration=\"800\" data-aos-delay=\"400\" data-aos-once=\"true\"><div class=\"kt-inside-inner-col\"><style>.wp-block-kadence-advancedheading.kt-adv-heading1139_b323dd-60, .wp-block-kadence-advancedheading.kt-adv-heading1139_b323dd-60[data-kb-block=\"kb-adv-heading1139_b323dd-60\"]{font-style:normal;}.wp-block-kadence-advancedheading.kt-adv-heading1139_b323dd-60 mark.kt-highlight, .wp-block-kadence-advancedheading.kt-adv-heading1139_b323dd-60[data-kb-block=\"kb-adv-heading1139_b323dd-60\"] mark.kt-highlight{font-style:normal;color:#f76a0c;-webkit-box-decoration-break:clone;box-decoration-break:clone;padding-top:0px;padding-right:0px;padding-bottom:0px;padding-left:0px;}.wp-block-kadence-advancedheading.kt-adv-heading1139_b323dd-60 img.kb-inline-image, .wp-block-kadence-advancedheading.kt-adv-heading1139_b323dd-60[data-kb-block=\"kb-adv-heading1139_b323dd-60\"] img.kb-inline-image{width:150px;vertical-align:baseline;}<\/style>\n<p class=\"kt-adv-heading1139_b323dd-60 wp-block-kadence-advancedheading\" data-kb-block=\"kb-adv-heading1139_b323dd-60\">Oferujemy:<\/p>\n\n\n\n<ul class=\"wp-block-list\">\n<li>regeneracja w\u0119\u017cy hydraulicznych<\/li>\n\n\n\n<li>wykonanie w\u0119\u017cy, zaprasowanie, wymiana w\u0119\u017cy<\/li>\n\n\n\n<li>cz\u0119\u015bci m.in. ko\u0144c\u00f3wki, zakucia, w\u0119\u017ce, oringi<\/li>\n\n\n\n<li>naprawa podzespo\u0142\u00f3w hydraulicznych<\/li>\n<\/ul>\n<\/div><\/div>\n\n<\/div><\/div>","protected":false},"excerpt":{"rendered":"<p>Hydraulika si\u0142owa W naszej ofercie znajduj\u0105 si\u0119 kompleksowe us\u0142ugi z zakresu hydrauliki si\u0142owej jak dostawa komponent\u00f3w, po monta\u017c i serwis. Oferujemy:<\/p>\n","protected":false},"author":1,"featured_media":0,"parent":1127,"menu_order":5,"comment_status":"closed","ping_status":"closed","template":"","meta":{"_kad_blocks_custom_css":"","_kad_blocks_head_custom_js":"","_kad_blocks_body_custom_js":"","_kad_blocks_footer_custom_js":"","_EventAllDay":false,"_EventTimezone":"","_EventStartDate":"","_EventEndDate":"","_EventStartDateUTC":"","_EventEndDateUTC":"","_EventShowMap":false,"_EventShowMapLink":false,"_EventURL":"","_EventCost":"","_EventCostDescription":"","_EventCurrencySymbol":"","_EventCurrencyCode":"","_EventCurrencyPosition":"","_EventDateTimeSeparator":"","_EventTimeRangeSeparator":"","_EventOrganizerID":[],"_EventVenueID":[],"_OrganizerEmail":"","_OrganizerPhone":"","_OrganizerWebsite":"","_VenueAddress":"","_VenueCity":"","_VenueCountry":"","_VenueProvince":"","_VenueState":"","_VenueZip":"","_VenuePhone":"","_VenueURL":"","_VenueStateProvince":"","_VenueLat":"","_VenueLng":"","_VenueShowMap":false,"_VenueShowMapLink":false,"_kadence_starter_templates_imported_post":false,"_kad_post_transparent":"","_kad_post_title":"hide","_kad_post_layout":"fullwidth","_kad_post_sidebar_id":"","_kad_post_content_style":"unboxed","_kad_post_vertical_padding":"","_kad_post_feature":"","_kad_post_feature_position":"","_kad_post_header":false,"_kad_post_footer":false,"_kad_post_classname":"","footnotes":""},"class_list":["post-1139","page","type-page","status-publish","hentry"],"taxonomy_info":[],"featured_image_src_large":false,"author_info":{"display_name":"serwis","author_link":"https:\/\/ghg.opole.pl\/index.php\/author\/mkf\/"},"comment_info":0,"_links":{"self":[{"href":"https:\/\/ghg.opole.pl\/index.php\/wp-json\/wp\/v2\/pages\/1139","targetHints":{"allow":["GET"]}}],"collection":[{"href":"https:\/\/ghg.opole.pl\/index.php\/wp-json\/wp\/v2\/pages"}],"about":[{"href":"https:\/\/ghg.opole.pl\/index.php\/wp-json\/wp\/v2\/types\/page"}],"author":[{"embeddable":true,"href":"https:\/\/ghg.opole.pl\/index.php\/wp-json\/wp\/v2\/users\/1"}],"replies":[{"embeddable":true,"href":"https:\/\/ghg.opole.pl\/index.php\/wp-json\/wp\/v2\/comments?post=1139"}],"version-history":[{"count":3,"href":"https:\/\/ghg.opole.pl\/index.php\/wp-json\/wp\/v2\/pages\/1139\/revisions"}],"predecessor-version":[{"id":4880,"href":"https:\/\/ghg.opole.pl\/index.php\/wp-json\/wp\/v2\/pages\/1139\/revisions\/4880"}],"up":[{"embeddable":true,"href":"https:\/\/ghg.opole.pl\/index.php\/wp-json\/wp\/v2\/pages\/1127"}],"wp:attachment":[{"href":"https:\/\/ghg.opole.pl\/index.php\/wp-json\/wp\/v2\/media?parent=1139"}],"curies":[{"name":"wp","href":"https:\/\/api.w.org\/{rel}","templated":true}]}}