{"id":1129,"date":"2023-11-10T09:38:38","date_gmt":"2023-11-10T08:38:38","guid":{"rendered":"http:\/\/nowa.ghg.opole.pl\/?page_id=1129"},"modified":"2024-04-23T13:53:00","modified_gmt":"2024-04-23T11:53:00","slug":"konserwacja","status":"publish","type":"page","link":"https:\/\/ghg.opole.pl\/index.php\/oferta\/serwis\/konserwacja\/","title":{"rendered":"Konserwacja"},"content":{"rendered":"<style>.kb-row-layout-id1129_511965-87 > .kt-row-column-wrap{align-content:start;}:where(.kb-row-layout-id1129_511965-87 > .kt-row-column-wrap) > .wp-block-kadence-column{justify-content:start;}.kb-row-layout-id1129_511965-87 > .kt-row-column-wrap{column-gap:var(--global-kb-gap-md, 2rem);row-gap:var(--global-kb-gap-md, 2rem);padding-top:var(--global-kb-spacing-sm, 1.5rem);padding-bottom:var(--global-kb-spacing-sm, 1.5rem);grid-template-columns:minmax(0, 1fr);}.kb-row-layout-id1129_511965-87{background-image:url('https:\/\/ghg.opole.pl\/wp-content\/uploads\/2023\/11\/wozek-widlowy11.jpg');background-size:cover;background-position:50% 27%;background-attachment:scroll;background-repeat:no-repeat;}.kb-row-layout-id1129_511965-87 > .kt-row-layout-overlay{opacity:0.30;}@media all and (max-width: 1024px){.kb-row-layout-id1129_511965-87 > .kt-row-column-wrap{grid-template-columns:minmax(0, 1fr);}}@media all and (max-width: 767px){.kb-row-layout-id1129_511965-87 > .kt-row-column-wrap{grid-template-columns:minmax(0, 1fr);}}<\/style><div class=\"kb-row-layout-wrap kb-row-layout-id1129_511965-87 alignnone kt-row-has-bg wp-block-kadence-rowlayout\"><div class=\"kt-row-column-wrap kt-has-1-columns kt-row-layout-equal kt-tab-layout-inherit kt-mobile-layout-row kt-row-valign-top\">\n<style>.kadence-column1129_5c22b7-f7 > .kt-inside-inner-col{display:flex;}.kadence-column1129_5c22b7-f7 > .kt-inside-inner-col{min-height:200px;}.kadence-column1129_5c22b7-f7 > .kt-inside-inner-col,.kadence-column1129_5c22b7-f7 > .kt-inside-inner-col:before{border-top-left-radius:0px;border-top-right-radius:0px;border-bottom-right-radius:0px;border-bottom-left-radius:0px;}.kadence-column1129_5c22b7-f7 > .kt-inside-inner-col{column-gap:var(--global-kb-gap-sm, 1rem);}.kadence-column1129_5c22b7-f7 > .kt-inside-inner-col{flex-direction:column;justify-content:center;}.kadence-column1129_5c22b7-f7 > .kt-inside-inner-col > .aligncenter{width:100%;}.kt-row-column-wrap > .kadence-column1129_5c22b7-f7{align-self:center;}.kt-inner-column-height-full:not(.kt-has-1-columns) > .wp-block-kadence-column.kadence-column1129_5c22b7-f7{align-self:auto;}.kt-inner-column-height-full:not(.kt-has-1-columns) > .wp-block-kadence-column.kadence-column1129_5c22b7-f7 > .kt-inside-inner-col{flex-direction:column;justify-content:center;}.kadence-column1129_5c22b7-f7 > .kt-inside-inner-col:before{opacity:0.3;}.kadence-column1129_5c22b7-f7{position:relative;}@media all and (max-width: 1024px){.kt-row-column-wrap > .kadence-column1129_5c22b7-f7{align-self:center;}}@media all and (max-width: 1024px){.kt-inner-column-height-full:not(.kt-has-1-columns) > .wp-block-kadence-column.kadence-column1129_5c22b7-f7{align-self:auto;}}@media all and (max-width: 1024px){.kt-inner-column-height-full:not(.kt-has-1-columns) > .wp-block-kadence-column.kadence-column1129_5c22b7-f7 > .kt-inside-inner-col{flex-direction:column;justify-content:center;}}@media all and (max-width: 1024px){.kadence-column1129_5c22b7-f7 > .kt-inside-inner-col{flex-direction:column;justify-content:center;}}@media all and (max-width: 767px){.kt-row-column-wrap > .kadence-column1129_5c22b7-f7{align-self:center;}.kt-inner-column-height-full:not(.kt-has-1-columns) > .wp-block-kadence-column.kadence-column1129_5c22b7-f7{align-self:auto;}.kt-inner-column-height-full:not(.kt-has-1-columns) > .wp-block-kadence-column.kadence-column1129_5c22b7-f7 > .kt-inside-inner-col{flex-direction:column;justify-content:center;}.kadence-column1129_5c22b7-f7 > .kt-inside-inner-col{flex-direction:column;justify-content:center;}}<\/style>\n<div class=\"wp-block-kadence-column kadence-column1129_5c22b7-f7\"><div class=\"kt-inside-inner-col\"><style>.wp-block-kadence-advancedheading.kt-adv-heading1129_0e65d5-39, .wp-block-kadence-advancedheading.kt-adv-heading1129_0e65d5-39[data-kb-block=\"kb-adv-heading1129_0e65d5-39\"]{text-align:center;font-style:normal;text-transform:uppercase;}.wp-block-kadence-advancedheading.kt-adv-heading1129_0e65d5-39 mark.kt-highlight, .wp-block-kadence-advancedheading.kt-adv-heading1129_0e65d5-39[data-kb-block=\"kb-adv-heading1129_0e65d5-39\"] mark.kt-highlight{font-style:normal;color:#f76a0c;-webkit-box-decoration-break:clone;box-decoration-break:clone;padding-top:0px;padding-right:0px;padding-bottom:0px;padding-left:0px;}.wp-block-kadence-advancedheading.kt-adv-heading1129_0e65d5-39 img.kb-inline-image, .wp-block-kadence-advancedheading.kt-adv-heading1129_0e65d5-39[data-kb-block=\"kb-adv-heading1129_0e65d5-39\"] img.kb-inline-image{width:150px;vertical-align:baseline;}<\/style>\n<h1 class=\"kt-adv-heading1129_0e65d5-39 wp-block-kadence-advancedheading has-theme-palette-2-color has-text-color\" data-kb-block=\"kb-adv-heading1129_0e65d5-39\">Konserwacja<\/h1>\n<\/div><\/div>\n\n<\/div><\/div>\n\n<style>.kb-row-layout-id1129_75f1db-f3 > .kt-row-column-wrap{align-content:start;}:where(.kb-row-layout-id1129_75f1db-f3 > .kt-row-column-wrap) > .wp-block-kadence-column{justify-content:start;}.kb-row-layout-id1129_75f1db-f3 > .kt-row-column-wrap{column-gap:var(--global-kb-gap-md, 2rem);row-gap:var(--global-kb-gap-md, 2rem);padding-top:5%;padding-right:5%;padding-bottom:5%;padding-left:5%;grid-template-columns:minmax(0, 2fr) minmax(0, 1fr);}.kb-row-layout-id1129_75f1db-f3 > .kt-row-layout-overlay{opacity:0.30;}@media all and (max-width: 1024px){.kb-row-layout-id1129_75f1db-f3 > .kt-row-column-wrap{grid-template-columns:minmax(0, 2fr) minmax(0, 1fr);}}@media all and (max-width: 767px){.kb-row-layout-id1129_75f1db-f3 > .kt-row-column-wrap{grid-template-columns:minmax(0, 1fr);}}<\/style><div class=\"kb-row-layout-wrap kb-row-layout-id1129_75f1db-f3 alignnone kt-row-has-bg wp-block-kadence-rowlayout\"><div class=\"kt-row-column-wrap kt-has-2-columns kt-row-layout-left-golden kt-tab-layout-inherit kt-mobile-layout-row kt-row-valign-top\">\n<style>.kadence-column1129_a123a2-7a > .kt-inside-inner-col,.kadence-column1129_a123a2-7a > .kt-inside-inner-col:before{border-top-left-radius:0px;border-top-right-radius:0px;border-bottom-right-radius:0px;border-bottom-left-radius:0px;}.kadence-column1129_a123a2-7a > .kt-inside-inner-col{column-gap:var(--global-kb-gap-sm, 1rem);}.kadence-column1129_a123a2-7a > .kt-inside-inner-col{flex-direction:column;}.kadence-column1129_a123a2-7a > .kt-inside-inner-col > .aligncenter{width:100%;}.kadence-column1129_a123a2-7a > .kt-inside-inner-col:before{opacity:0.3;}.kadence-column1129_a123a2-7a{position:relative;}@media all and (max-width: 1024px){.kadence-column1129_a123a2-7a > .kt-inside-inner-col{flex-direction:column;justify-content:center;}}@media all and (max-width: 767px){.kadence-column1129_a123a2-7a > .kt-inside-inner-col{flex-direction:column;justify-content:center;}}<\/style>\n<div class=\"wp-block-kadence-column kadence-column1129_a123a2-7a\"><div class=\"kt-inside-inner-col\"><style>.wp-block-kadence-advancedheading.kt-adv-heading1129_cdbb67-a3, .wp-block-kadence-advancedheading.kt-adv-heading1129_cdbb67-a3[data-kb-block=\"kb-adv-heading1129_cdbb67-a3\"]{font-style:normal;}.wp-block-kadence-advancedheading.kt-adv-heading1129_cdbb67-a3 mark.kt-highlight, .wp-block-kadence-advancedheading.kt-adv-heading1129_cdbb67-a3[data-kb-block=\"kb-adv-heading1129_cdbb67-a3\"] mark.kt-highlight{font-style:normal;color:#f76a0c;-webkit-box-decoration-break:clone;box-decoration-break:clone;padding-top:0px;padding-right:0px;padding-bottom:0px;padding-left:0px;}.wp-block-kadence-advancedheading.kt-adv-heading1129_cdbb67-a3 img.kb-inline-image, .wp-block-kadence-advancedheading.kt-adv-heading1129_cdbb67-a3[data-kb-block=\"kb-adv-heading1129_cdbb67-a3\"] img.kb-inline-image{width:150px;vertical-align:baseline;}<\/style>\n<h4 class=\"kt-adv-heading1129_cdbb67-a3 wp-block-kadence-advancedheading\" data-kb-block=\"kb-adv-heading1129_cdbb67-a3\">Zajmujemy si\u0119 g\u0142\u00f3wnie konserwacj\u0105 urz\u0105dze\u0144 d\u017awigowych podlegaj\u0105cymi Dozorowi Technicznemu. Po dokonaniu weryfikacji dokumentacji techniczno-ruchowej oraz sprawdzenia prawid\u0142owo\u015bci dzia\u0142ania danego urz\u0105dzenia inspektor UDT wydaje decyzj\u0119 zezwalaj\u0105c\u0105 na eksploatacj\u0119 urz\u0105dzenia.<\/h4>\n<\/div><\/div>\n\n\n<style>.kadence-column1129_09ed8a-9d > .kt-inside-inner-col,.kadence-column1129_09ed8a-9d > .kt-inside-inner-col:before{border-top-left-radius:0px;border-top-right-radius:0px;border-bottom-right-radius:0px;border-bottom-left-radius:0px;}.kadence-column1129_09ed8a-9d > .kt-inside-inner-col{column-gap:var(--global-kb-gap-sm, 1rem);}.kadence-column1129_09ed8a-9d > .kt-inside-inner-col{flex-direction:column;}.kadence-column1129_09ed8a-9d > .kt-inside-inner-col > .aligncenter{width:100%;}.kadence-column1129_09ed8a-9d > .kt-inside-inner-col:before{opacity:0.3;}.kadence-column1129_09ed8a-9d{position:relative;}@media all and (max-width: 1024px){.kadence-column1129_09ed8a-9d > .kt-inside-inner-col{flex-direction:column;justify-content:center;}}@media all and (max-width: 767px){.kadence-column1129_09ed8a-9d > .kt-inside-inner-col{flex-direction:column;justify-content:center;}}<\/style>\n<div class=\"wp-block-kadence-column kadence-column1129_09ed8a-9d\"><div class=\"kt-inside-inner-col\"><style>.wp-block-kadence-advancedheading.kt-adv-heading1129_4faab6-b3, .wp-block-kadence-advancedheading.kt-adv-heading1129_4faab6-b3[data-kb-block=\"kb-adv-heading1129_4faab6-b3\"]{font-style:normal;}.wp-block-kadence-advancedheading.kt-adv-heading1129_4faab6-b3 mark.kt-highlight, .wp-block-kadence-advancedheading.kt-adv-heading1129_4faab6-b3[data-kb-block=\"kb-adv-heading1129_4faab6-b3\"] mark.kt-highlight{font-style:normal;color:#f76a0c;-webkit-box-decoration-break:clone;box-decoration-break:clone;padding-top:0px;padding-right:0px;padding-bottom:0px;padding-left:0px;}.wp-block-kadence-advancedheading.kt-adv-heading1129_4faab6-b3 img.kb-inline-image, .wp-block-kadence-advancedheading.kt-adv-heading1129_4faab6-b3[data-kb-block=\"kb-adv-heading1129_4faab6-b3\"] img.kb-inline-image{width:150px;vertical-align:baseline;}<\/style>\n<p class=\"kt-adv-heading1129_4faab6-b3 wp-block-kadence-advancedheading\" data-kb-block=\"kb-adv-heading1129_4faab6-b3\">Oferujemy:<\/p>\n\n\n\n<ul class=\"wp-block-list\">\n<li>Sprawdzenie stanu technicznego urz\u0105dzenia.<\/li>\n\n\n\n<li>Przygotowanie urz\u0105dze\u0144 do rejestracji i przegl\u0105d\u00f3w przez Urz\u0105d Dozoru Technicznego.<\/li>\n\n\n\n<li>Przygotowanie kpl. dokumentacji techniczno-ruchowej zgodnie z wymogami UDT.<\/li>\n\n\n\n<li>Uzupe\u0142nianie dokumentacji dozorowej dla urz\u0105dze\u0144 sprowadzonych z zagranicy i z pa\u0144stw Unii Europejskiej.<\/li>\n\n\n\n<li>Zg\u0142oszenie i odbi\u00f3r urz\u0105dzenia (rewizja) w obecno\u015bci Inspektora UDT.<\/li>\n\n\n\n<li>Prowadzenie Dziennika Konserwacji, oddzielnie dla ka\u017cdego urz\u0105dzenia.<\/li>\n\n\n\n<li>Wykonywanie okresowej konserwacji przez osoby posiadaj\u0105ce odpowiednie uprawnienia.<\/li>\n\n\n\n<li>Przypominanie Klientom o zbli\u017caj\u0105cych si\u0119 badaniach okresowych.<\/li>\n<\/ul>\n<\/div><\/div>\n\n<\/div><\/div>\n\n<style>.kb-row-layout-id1129_eb7acb-d4 > .kt-row-column-wrap{align-content:start;}:where(.kb-row-layout-id1129_eb7acb-d4 > .kt-row-column-wrap) > .wp-block-kadence-column{justify-content:start;}.kb-row-layout-id1129_eb7acb-d4 > .kt-row-column-wrap{column-gap:var(--global-kb-gap-md, 2rem);row-gap:var(--global-kb-gap-md, 2rem);padding-top:5%;padding-right:5%;padding-bottom:5%;padding-left:5%;grid-template-columns:minmax(0, 1fr) minmax(0, 2fr);}.kb-row-layout-id1129_eb7acb-d4 > .kt-row-layout-overlay{opacity:0.30;}@media all and (max-width: 1024px){.kb-row-layout-id1129_eb7acb-d4 > .kt-row-column-wrap{grid-template-columns:minmax(0, 1fr) minmax(0, 2fr);}}@media all and (max-width: 767px){.kb-row-layout-id1129_eb7acb-d4 > .kt-row-column-wrap{grid-template-columns:minmax(0, 1fr);}}<\/style><div class=\"kb-row-layout-wrap kb-row-layout-id1129_eb7acb-d4 alignnone wp-block-kadence-rowlayout\"><div class=\"kt-row-column-wrap kt-has-2-columns kt-row-layout-right-golden kt-tab-layout-inherit kt-mobile-layout-row kt-row-valign-top\">\n<style>.kadence-column1129_789381-76 > .kt-inside-inner-col,.kadence-column1129_789381-76 > .kt-inside-inner-col:before{border-top-left-radius:0px;border-top-right-radius:0px;border-bottom-right-radius:0px;border-bottom-left-radius:0px;}.kadence-column1129_789381-76 > .kt-inside-inner-col{column-gap:var(--global-kb-gap-sm, 1rem);}.kadence-column1129_789381-76 > .kt-inside-inner-col{flex-direction:column;}.kadence-column1129_789381-76 > .kt-inside-inner-col > .aligncenter{width:100%;}.kadence-column1129_789381-76 > .kt-inside-inner-col:before{opacity:0.3;}.kadence-column1129_789381-76{position:relative;}@media all and (max-width: 1024px){.kadence-column1129_789381-76 > .kt-inside-inner-col{flex-direction:column;justify-content:center;}}@media all and (max-width: 767px){.kadence-column1129_789381-76 > .kt-inside-inner-col{flex-direction:column;justify-content:center;}}<\/style>\n<div class=\"wp-block-kadence-column kadence-column1129_789381-76\"><div class=\"kt-inside-inner-col\"><style>.kb-image1129_fb16d1-42 .kb-image-has-overlay:after{opacity:0.3;}<\/style>\n<figure class=\"wp-block-kadence-image kb-image1129_fb16d1-42 size-full\"><img loading=\"lazy\" decoding=\"async\" width=\"357\" height=\"185\" src=\"https:\/\/ghg.opole.pl\/wp-content\/uploads\/2023\/11\/dhollandia-logo.jpg\" alt=\"\" class=\"kb-img wp-image-1273\" srcset=\"https:\/\/ghg.opole.pl\/wp-content\/uploads\/2023\/11\/dhollandia-logo.jpg 357w, https:\/\/ghg.opole.pl\/wp-content\/uploads\/2023\/11\/dhollandia-logo-300x155.jpg 300w\" sizes=\"auto, (max-width: 357px) 100vw, 357px\" \/><\/figure>\n\n\n<style>.kb-image1129_636a02-f4 .kb-image-has-overlay:after{opacity:0.3;}<\/style>\n<figure class=\"wp-block-kadence-image kb-image1129_636a02-f4 size-full\"><img loading=\"lazy\" decoding=\"async\" width=\"357\" height=\"185\" src=\"https:\/\/ghg.opole.pl\/wp-content\/uploads\/2023\/11\/bar-logov2.jpg\" alt=\"\" class=\"kb-img wp-image-1272\" srcset=\"https:\/\/ghg.opole.pl\/wp-content\/uploads\/2023\/11\/bar-logov2.jpg 357w, https:\/\/ghg.opole.pl\/wp-content\/uploads\/2023\/11\/bar-logov2-300x155.jpg 300w\" sizes=\"auto, (max-width: 357px) 100vw, 357px\" \/><\/figure>\n<\/div><\/div>\n\n\n<style>.kadence-column1129_d42f7a-03 > .kt-inside-inner-col,.kadence-column1129_d42f7a-03 > .kt-inside-inner-col:before{border-top-left-radius:0px;border-top-right-radius:0px;border-bottom-right-radius:0px;border-bottom-left-radius:0px;}.kadence-column1129_d42f7a-03 > .kt-inside-inner-col{column-gap:var(--global-kb-gap-sm, 1rem);}.kadence-column1129_d42f7a-03 > .kt-inside-inner-col{flex-direction:column;}.kadence-column1129_d42f7a-03 > .kt-inside-inner-col > .aligncenter{width:100%;}.kadence-column1129_d42f7a-03 > .kt-inside-inner-col:before{opacity:0.3;}.kadence-column1129_d42f7a-03{position:relative;}@media all and (max-width: 1024px){.kadence-column1129_d42f7a-03 > .kt-inside-inner-col{flex-direction:column;justify-content:center;}}@media all and (max-width: 767px){.kadence-column1129_d42f7a-03 > .kt-inside-inner-col{flex-direction:column;justify-content:center;}}<\/style>\n<div class=\"wp-block-kadence-column kadence-column1129_d42f7a-03\"><div class=\"kt-inside-inner-col\"><style>.wp-block-kadence-advancedheading.kt-adv-heading1129_2268a8-f7, .wp-block-kadence-advancedheading.kt-adv-heading1129_2268a8-f7[data-kb-block=\"kb-adv-heading1129_2268a8-f7\"]{font-style:normal;}.wp-block-kadence-advancedheading.kt-adv-heading1129_2268a8-f7 mark.kt-highlight, .wp-block-kadence-advancedheading.kt-adv-heading1129_2268a8-f7[data-kb-block=\"kb-adv-heading1129_2268a8-f7\"] mark.kt-highlight{font-style:normal;color:#f76a0c;-webkit-box-decoration-break:clone;box-decoration-break:clone;padding-top:0px;padding-right:0px;padding-bottom:0px;padding-left:0px;}.wp-block-kadence-advancedheading.kt-adv-heading1129_2268a8-f7 img.kb-inline-image, .wp-block-kadence-advancedheading.kt-adv-heading1129_2268a8-f7[data-kb-block=\"kb-adv-heading1129_2268a8-f7\"] img.kb-inline-image{width:150px;vertical-align:baseline;}<\/style>\n<h5 class=\"kt-adv-heading1129_2268a8-f7 wp-block-kadence-advancedheading\" data-kb-block=\"kb-adv-heading1129_2268a8-f7\">Posiadamy autoryzacj\u0119 firmy <strong>Dhollandia<\/strong> oraz <strong>Bar Cargolift<\/strong> w zakresie \u015bwiadczenia us\u0142ug monta\u017cu, serwisu i napraw wind hydraulicznych firmy Dhollandia oraz Bar Cargolift.<\/h5>\n<\/div><\/div>\n\n<\/div><\/div>","protected":false},"excerpt":{"rendered":"<p>Konserwacja Zajmujemy si\u0119 g\u0142\u00f3wnie konserwacj\u0105 urz\u0105dze\u0144 d\u017awigowych podlegaj\u0105cymi Dozorowi Technicznemu. Po dokonaniu weryfikacji dokumentacji techniczno-ruchowej oraz sprawdzenia prawid\u0142owo\u015bci dzia\u0142ania danego urz\u0105dzenia inspektor UDT wydaje decyzj\u0119 zezwalaj\u0105c\u0105 na eksploatacj\u0119 urz\u0105dzenia. Oferujemy:&#8230;<\/p>\n","protected":false},"author":1,"featured_media":0,"parent":4807,"menu_order":0,"comment_status":"closed","ping_status":"closed","template":"","meta":{"_kad_blocks_custom_css":"","_kad_blocks_head_custom_js":"","_kad_blocks_body_custom_js":"","_kad_blocks_footer_custom_js":"","_EventAllDay":false,"_EventTimezone":"","_EventStartDate":"","_EventEndDate":"","_EventStartDateUTC":"","_EventEndDateUTC":"","_EventShowMap":false,"_EventShowMapLink":false,"_EventURL":"","_EventCost":"","_EventCostDescription":"","_EventCurrencySymbol":"","_EventCurrencyCode":"","_EventCurrencyPosition":"","_EventDateTimeSeparator":"","_EventTimeRangeSeparator":"","_EventOrganizerID":[],"_EventVenueID":[],"_OrganizerEmail":"","_OrganizerPhone":"","_OrganizerWebsite":"","_VenueAddress":"","_VenueCity":"","_VenueCountry":"","_VenueProvince":"","_VenueState":"","_VenueZip":"","_VenuePhone":"","_VenueURL":"","_VenueStateProvince":"","_VenueLat":"","_VenueLng":"","_VenueShowMap":false,"_VenueShowMapLink":false,"_kadence_starter_templates_imported_post":false,"_kad_post_transparent":"","_kad_post_title":"hide","_kad_post_layout":"fullwidth","_kad_post_sidebar_id":"","_kad_post_content_style":"unboxed","_kad_post_vertical_padding":"","_kad_post_feature":"","_kad_post_feature_position":"","_kad_post_header":false,"_kad_post_footer":false,"_kad_post_classname":"","footnotes":""},"class_list":["post-1129","page","type-page","status-publish","hentry"],"taxonomy_info":[],"featured_image_src_large":false,"author_info":{"display_name":"serwis","author_link":"https:\/\/ghg.opole.pl\/index.php\/author\/mkf\/"},"comment_info":0,"_links":{"self":[{"href":"https:\/\/ghg.opole.pl\/index.php\/wp-json\/wp\/v2\/pages\/1129","targetHints":{"allow":["GET"]}}],"collection":[{"href":"https:\/\/ghg.opole.pl\/index.php\/wp-json\/wp\/v2\/pages"}],"about":[{"href":"https:\/\/ghg.opole.pl\/index.php\/wp-json\/wp\/v2\/types\/page"}],"author":[{"embeddable":true,"href":"https:\/\/ghg.opole.pl\/index.php\/wp-json\/wp\/v2\/users\/1"}],"replies":[{"embeddable":true,"href":"https:\/\/ghg.opole.pl\/index.php\/wp-json\/wp\/v2\/comments?post=1129"}],"version-history":[{"count":26,"href":"https:\/\/ghg.opole.pl\/index.php\/wp-json\/wp\/v2\/pages\/1129\/revisions"}],"predecessor-version":[{"id":1277,"href":"https:\/\/ghg.opole.pl\/index.php\/wp-json\/wp\/v2\/pages\/1129\/revisions\/1277"}],"up":[{"embeddable":true,"href":"https:\/\/ghg.opole.pl\/index.php\/wp-json\/wp\/v2\/pages\/4807"}],"wp:attachment":[{"href":"https:\/\/ghg.opole.pl\/index.php\/wp-json\/wp\/v2\/media?parent=1129"}],"curies":[{"name":"wp","href":"https:\/\/api.w.org\/{rel}","templated":true}]}}